{"id":12905,"date":"2024-03-28T10:31:47","date_gmt":"2024-03-28T09:31:47","guid":{"rendered":"https:\/\/lacolosal.es\/politica-de-cookies\/"},"modified":"2024-04-03T15:52:11","modified_gmt":"2024-04-03T13:52:11","slug":"politica-de-cookies","status":"publish","type":"page","link":"https:\/\/lacolosal.es\/fr\/politica-de-cookies\/","title":{"rendered":"Politique de cookies"},"content":{"rendered":"\t\t<div data-elementor-type=\"wp-page\" data-elementor-id=\"12905\" class=\"elementor elementor-12905 elementor-12897\" data-elementor-post-type=\"page\">\n\t\t\t\t\t\t<section class=\"elementor-section elementor-top-section elementor-element elementor-element-1e71091 elementor-section-stretched elementor-section-height-min-height elementor-section-items-bottom elementor-section-content-bottom elementor-section-boxed elementor-section-height-default\" data-id=\"1e71091\" data-element_type=\"section\" data-settings=\"{&quot;stretch_section&quot;:&quot;section-stretched&quot;,&quot;background_background&quot;:&quot;classic&quot;,&quot;architecturer_ext_is_background_parallax&quot;:&quot;false&quot;,&quot;architecturer_ext_is_background_on_scroll&quot;:&quot;false&quot;}\">\n\t\t\t\t\t\t\t<div class=\"elementor-background-overlay\"><\/div>\n\t\t\t\t\t\t\t<div class=\"elementor-container elementor-column-gap-default\">\n\t\t\t\t\t<div class=\"elementor-column elementor-col-100 elementor-top-column elementor-element elementor-element-3830937\" data-id=\"3830937\" data-element_type=\"column\" data-settings=\"{&quot;architecturer_ext_is_mobile_menu&quot;:&quot;false&quot;,&quot;architecturer_ext_is_scrollme&quot;:&quot;false&quot;,&quot;architecturer_ext_is_smoove&quot;:&quot;false&quot;,&quot;architecturer_ext_is_parallax_mouse&quot;:&quot;false&quot;,&quot;architecturer_ext_is_infinite&quot;:&quot;false&quot;,&quot;architecturer_ext_is_fadeout_animation&quot;:&quot;false&quot;}\">\n\t\t\t<div class=\"elementor-widget-wrap\">\n\t\t\t\t\t\t\t<\/div>\n\t\t<\/div>\n\t\t\t\t\t<\/div>\n\t\t<\/section>\n\t\t\t\t<section class=\"elementor-section elementor-top-section elementor-element elementor-element-2d31e7b elementor-section-boxed elementor-section-height-default elementor-section-height-default\" data-id=\"2d31e7b\" data-element_type=\"section\" data-settings=\"{&quot;architecturer_ext_is_background_parallax&quot;:&quot;false&quot;,&quot;architecturer_ext_is_background_on_scroll&quot;:&quot;false&quot;}\">\n\t\t\t\t\t\t<div class=\"elementor-container elementor-column-gap-default\">\n\t\t\t\t\t<div class=\"elementor-column elementor-col-100 elementor-top-column elementor-element elementor-element-de82ee5\" data-id=\"de82ee5\" data-element_type=\"column\" data-settings=\"{&quot;architecturer_ext_is_mobile_menu&quot;:&quot;false&quot;,&quot;architecturer_ext_is_scrollme&quot;:&quot;false&quot;,&quot;architecturer_ext_is_smoove&quot;:&quot;false&quot;,&quot;architecturer_ext_is_parallax_mouse&quot;:&quot;false&quot;,&quot;architecturer_ext_is_infinite&quot;:&quot;false&quot;,&quot;architecturer_ext_is_fadeout_animation&quot;:&quot;false&quot;}\">\n\t\t\t<div class=\"elementor-widget-wrap elementor-element-populated\">\n\t\t\t\t\t\t<div class=\"elementor-element elementor-element-3b22819 elementor-widget elementor-widget-heading\" data-id=\"3b22819\" data-element_type=\"widget\" data-settings=\"{&quot;architecturer_ext_is_mobile_menu&quot;:&quot;false&quot;,&quot;architecturer_ext_is_scrollme&quot;:&quot;false&quot;,&quot;architecturer_ext_is_smoove&quot;:&quot;false&quot;,&quot;architecturer_ext_is_parallax_mouse&quot;:&quot;false&quot;,&quot;architecturer_ext_is_infinite&quot;:&quot;false&quot;,&quot;architecturer_ext_is_fadeout_animation&quot;:&quot;false&quot;}\" data-widget_type=\"heading.default\">\n\t\t\t\t<div class=\"elementor-widget-container\">\n\t\t\t<h2 class=\"elementor-heading-title elementor-size-default\">Politique de cookies<\/h2>\t\t<\/div>\n\t\t\t\t<\/div>\n\t\t\t\t\t<\/div>\n\t\t<\/div>\n\t\t\t\t\t<\/div>\n\t\t<\/section>\n\t\t\t\t<section class=\"elementor-section elementor-top-section elementor-element elementor-element-63774af elementor-section-boxed elementor-section-height-default elementor-section-height-default\" data-id=\"63774af\" data-element_type=\"section\" data-settings=\"{&quot;architecturer_ext_is_background_parallax&quot;:&quot;false&quot;,&quot;architecturer_ext_is_background_on_scroll&quot;:&quot;false&quot;}\">\n\t\t\t\t\t\t<div class=\"elementor-container elementor-column-gap-default\">\n\t\t\t\t\t<div class=\"elementor-column elementor-col-100 elementor-top-column elementor-element elementor-element-0c12088\" data-id=\"0c12088\" data-element_type=\"column\" data-settings=\"{&quot;architecturer_ext_is_mobile_menu&quot;:&quot;false&quot;,&quot;architecturer_ext_is_scrollme&quot;:&quot;false&quot;,&quot;architecturer_ext_is_smoove&quot;:&quot;false&quot;,&quot;architecturer_ext_is_parallax_mouse&quot;:&quot;false&quot;,&quot;architecturer_ext_is_infinite&quot;:&quot;false&quot;,&quot;architecturer_ext_is_fadeout_animation&quot;:&quot;false&quot;}\">\n\t\t\t<div class=\"elementor-widget-wrap elementor-element-populated\">\n\t\t\t\t\t\t<div class=\"elementor-element elementor-element-b73ebf0 elementor-widget elementor-widget-text-editor\" data-id=\"b73ebf0\" data-element_type=\"widget\" data-settings=\"{&quot;architecturer_ext_is_mobile_menu&quot;:&quot;false&quot;,&quot;architecturer_ext_is_scrollme&quot;:&quot;false&quot;,&quot;architecturer_ext_is_smoove&quot;:&quot;false&quot;,&quot;architecturer_ext_is_parallax_mouse&quot;:&quot;false&quot;,&quot;architecturer_ext_is_infinite&quot;:&quot;false&quot;,&quot;architecturer_ext_is_fadeout_animation&quot;:&quot;false&quot;}\" data-widget_type=\"text-editor.default\">\n\t\t\t\t<div class=\"elementor-widget-container\">\n\t\t\t\t\t\t\t<p>QU&rsquo;EST-CE QU&rsquo;UN COOKIE ?<\/p><p>Un cookie est un fichier qui se t\u00e9l\u00e9charge sur votre ordinateur lorsque vous acc\u00e9dez \u00e0 certains sites Web. Les cookies permettent \u00e0 un site Web, entre autres choses, de stocker et de r\u00e9cup\u00e9rer des informations sur les habitudes de navigation d&rsquo;un utilisateur ou de son \u00e9quipement et, en fonction des informations qu&rsquo;ils contiennent et de la mani\u00e8re dont votre \u00e9quipement est utilis\u00e9, ils peuvent servir \u00e0 le reconna\u00eetre.<\/p><p>Cependant, ces moyens ne collectent que des informations li\u00e9es au nombre de visites de pages, \u00e0 la ville \u00e0 laquelle l&rsquo;adresse IP \u00e0 partir de laquelle l&rsquo;acc\u00e8s est effectu\u00e9 est attribu\u00e9e, au nombre de nouveaux utilisateurs, \u00e0 la fr\u00e9quence et \u00e0 la r\u00e9currence des visites, \u00e0 la dur\u00e9e de la visite, au navigateur ou \u00e0 l&rsquo;op\u00e9rateur ou au type de terminal \u00e0 partir duquel la visite est effectu\u00e9e. En aucun cas, des donn\u00e9es telles que le nom, le pr\u00e9nom, l&rsquo;adresse postale ou d&rsquo;autres donn\u00e9es similaires de l&rsquo;utilisateur connect\u00e9 ne sont obtenues.<\/p><p>QU&rsquo;EST-CE QUE LES TYPES DE COOKIES EXISTENT ?<\/p><p>Les cookies peuvent \u00eatre propres ou tiers. Les cookies propres sont ceux qui sont envoy\u00e9s au terminal de l&rsquo;utilisateur \u00e0 partir d&rsquo;un ordinateur ou d&rsquo;un domaine g\u00e9r\u00e9 par l&rsquo;\u00e9diteur du site Web \u00e0 partir duquel le service demand\u00e9 par l&rsquo;utilisateur est fourni. Les cookies tiers sont ceux qui sont envoy\u00e9s au terminal de l&rsquo;utilisateur \u00e0 partir d&rsquo;un ordinateur ou d&rsquo;un domaine qui n&rsquo;est pas g\u00e9r\u00e9 par l&rsquo;\u00e9diteur, mais par une autre entit\u00e9 qui traite les donn\u00e9es obtenues via les cookies.<\/p><p>De plus, les cookies peuvent \u00eatre de session ou persistants. Les cookies de session sont un type de cookies con\u00e7us pour collecter et stocker des donn\u00e9es pendant que l&rsquo;utilisateur acc\u00e8de \u00e0 un site Web. Les cookies persistants sont un type de cookies qui permettent aux donn\u00e9es de rester stock\u00e9es dans le terminal et peuvent \u00eatre consult\u00e9es et trait\u00e9es pendant une p\u00e9riode d\u00e9finie par le responsable du cookie, qui peut aller de quelques minutes \u00e0 plusieurs ann\u00e9es.<\/p><p>QUI EST LE RESPONSABLE DU TRAITEMENT DES COOKIES SUR CE SITE WEB ?<\/p><p>Le propri\u00e9taire du site Web et responsable du traitement des cookies utilis\u00e9s ici, ainsi que ses coordonn\u00e9es, sont accessibles dans les mentions l\u00e9gales de cette page. De plus, des cookies tiers autres que ceux du propri\u00e9taire de ce site Web peuvent \u00eatre pr\u00e9sents, comme expliqu\u00e9 ci-dessous.<\/p><p>QUELS SONT LES COOKIES UTILIS\u00c9S SUR CE SITE WEB ET \u00c0 QUOI SERVENT-ILS ?<\/p><p>Cookies propres<\/p><p>Leur but est d&rsquo;identifier l&rsquo;utilisateur \u00e0 l&rsquo;\u00e9cran avec son pseudonyme, de le reconna\u00eetre comme abonn\u00e9 ou non, d&rsquo;enregistrer l&rsquo;acceptation de la politique en mati\u00e8re de cookies, de sauvegarder et de rappeler le mot de passe, de sauvegarder les filtres \u00e9tablis pour les recherches et, en g\u00e9n\u00e9ral, de fournir des informations personnalis\u00e9es selon les pr\u00e9f\u00e9rences exprim\u00e9es par l&rsquo;utilisateur.<\/p><p>Cookies tiers<\/p><ul><li><strong>Cookies d&rsquo;analyse :<\/strong> Ce sont des cookies qui, qu&rsquo;ils soient trait\u00e9s par nous-m\u00eames ou par des tiers, nous permettent de quantifier le nombre d&rsquo;utilisateurs et d&rsquo;analyser leur navigation, nous permettant ainsi d&rsquo;effectuer la mesure et l&rsquo;analyse statistique de l&rsquo;utilisation faite par les utilisateurs. Dans ce but, leur navigation sur notre site Web est analys\u00e9e afin d&rsquo;am\u00e9liorer son contenu et de fournir un meilleur service \u00e0 travers celui-ci.<\/li><li><strong>Cookies publicitaires : <\/strong>Ce sont des cookies qui permettent la gestion la plus efficace possible des espaces publicitaires que, le cas \u00e9ch\u00e9ant, l&rsquo;\u00e9diteur a inclus sur un site Web, une application ou une plateforme \u00e0 partir de laquelle le service demand\u00e9 est fourni en fonction de crit\u00e8res tels que le contenu \u00e9dit\u00e9 ou la fr\u00e9quence \u00e0 laquelle les annonces sont affich\u00e9es.<\/li><li><strong>Cookies de personnalisation :<\/strong> Ils permettent d&rsquo;offrir une exp\u00e9rience plus personnalis\u00e9e des contenus de ce site Web, en affichant du contenu pertinent pour l&rsquo;utilisateur et en envoyant les messages ou alertes demand\u00e9s par eux.<\/li><li><strong>Cookies de r\u00e9seaux sociaux :<\/strong> Ce sont des cookies qui facilitent et surveillent la connexion et la publication de contenu entre ce site Web et les r\u00e9seaux sociaux.<\/li><\/ul><p>Les applications qui utilisent ces cookies tiers sont les suivantes :<\/p><ul><li>Pour les cookies d&rsquo;analyse : Google Analytics, appartenant \u00e0 Google (<a href=\"https:\/\/developers.google.com\/analytics\/devguides\/collection\/analyticsjs\/cookie-usage\">https:\/\/developers.google.com\/analytics\/devguides\/collection\/analyticsjs\/cookie-usage<\/a>).<\/li><li>Pour les cookies publicitaires : DoubleClick, appartenant \u00e0 Google (<a href=\"https:\/\/support.google.com\/adsense\/answer\/7549925?hl=es\">https:\/\/support.google.com\/adsense\/answer\/7549925?hl=es<\/a>).<\/li><li>Pour les cookies des r\u00e9seaux sociaux :<\/li><\/ul><ul><li style=\"list-style-type: none;\"><ul><li>oPlateforme Google+, appartenant \u00e0 Google (<a href=\"https:\/\/developers.google.com\/+\/web\/buttons-policy?hl=es\">https:\/\/developers.google.com\/+\/web\/buttons-policy?hl=es<\/a>).<\/li><li>o Plugins sociaux Facebook, appartenant \u00e0 Facebook (<a href=\"https:\/\/www.facebook.com\/policies\/cookies\/\">https:\/\/www.facebook.com\/policies\/cookies\/<\/a>).<\/li><li>o Bouton Twitter, appartenant \u00e0 Twitter (<a href=\"https:\/\/support.twitter.com\/articles\/20170521-el-uso-que-hace-twitter-de-cookies-y-tecnologias-similares\">https:\/\/support.twitter.com\/articles\/20170521-el-uso-que-hace-twitter-de-cookies-y-tecnologias-similares<\/a>).<\/li><\/ul><\/li><\/ul><p>PENDANT COMBIEN DE TEMPS LES COOKIES SONT-ELLES STOCK\u00c9ES ?<\/p><p>Les cookies propres sont automatiquement supprim\u00e9s \u00e0 la fin de la session de l&rsquo;utilisateur.<\/p><p>En ce qui concerne les cookies tiers :<\/p><ul><li>__utma : expire apr\u00e8s deux ans depuis la derni\u00e8re mise \u00e0 jour. Il g\u00e9n\u00e8re un identifiant utilisateur unique et enregistre la date, la premi\u00e8re et la derni\u00e8re fois que l&rsquo;utilisateur a visit\u00e9 le site Web.<\/li><li>__utmb : expire apr\u00e8s 30 minutes depuis la derni\u00e8re mise \u00e0 jour. Il enregistre l&rsquo;heure d&rsquo;arriv\u00e9e sur la page. Il est automatiquement supprim\u00e9 lors du changement de site Web ou de la fermeture du navigateur.<\/li><li>__utmz : expire apr\u00e8s six mois. Il stocke l&rsquo;origine du visiteur, le chemin suivi pour acc\u00e9der au site Web, que ce soit un acc\u00e8s direct, \u00e0 partir d&rsquo;un lien sur un autre site Web, \u00e0 partir d&rsquo;un lien dans un e-mail, en utilisant des mots-cl\u00e9s sp\u00e9cifiques dans un moteur de recherche, via une campagne publicitaire display ou via une annonce AdWords. Le cookie est mis \u00e0 jour \u00e0 chaque visite sur le site Web.<\/li><\/ul><p>QUELLE EST LA L\u00c9GITIMATION POUR L&rsquo;UTILISATION DES COOKIES ?<\/p><p>La l\u00e9gitimation pour l&rsquo;utilisation des cookies est la suivante :<\/p><p>Pour les cookies techniques, c&rsquo;est-\u00e0-dire ceux qui sont indispensables pour naviguer sur ce site Web et recevoir le service offert \u00e0 travers lui, la base l\u00e9gale de leur utilisation est le consentement par lequel l&rsquo;utilisateur d\u00e9cide de visiter ce site Web et d&rsquo;utiliser ses services.<\/p><p>La base l\u00e9gale de l&rsquo;utilisation des autres cookies est le consentement de l&rsquo;utilisateur, qui lui est demand\u00e9 au moment d&rsquo;acc\u00e9der \u00e0 ce site Web, et peut \u00eatre r\u00e9voqu\u00e9 \u00e0 tout moment. Le retrait de ce consentement n&rsquo;affectera pas la possibilit\u00e9 de naviguer sur ce site Web et d&rsquo;utiliser ses services, mais les traitements de donn\u00e9es effectu\u00e9s ant\u00e9rieurement ne perdront pas leur l\u00e9galit\u00e9 du fait de la r\u00e9vocation du consentement.<\/p><p>\u00c0 QUI LES COOKIES SERONT-ILS COMMUNIQU\u00c9S OU QUI PEUT Y ACC\u00c9DER ?<\/p><p>Lorsqu&rsquo;il y a des cookies tiers, conform\u00e9ment \u00e0 ce qui a \u00e9t\u00e9 mentionn\u00e9 ci-dessus, ces tiers pourront acc\u00e9der aux cookies et les utiliser de la mani\u00e8re d\u00e9crite pr\u00e9c\u00e9demment.<\/p><p>QUELS SONT VOS DROITS CONCERNANT L&rsquo;UTILISATION DES COOKIES PAR CE SITE WEB ?<\/p><p>Conform\u00e9ment \u00e0 la r\u00e9glementation en vigueur, toute personne a le droit d&rsquo;obtenir la confirmation que des donn\u00e9es personnelles la concernant sont trait\u00e9es ou non. De plus, dans les conditions l\u00e9galement pr\u00e9vues, les personnes concern\u00e9es ont le droit d&rsquo;acc\u00e9der \u00e0 leurs donn\u00e9es, ainsi que de demander la rectification des donn\u00e9es inexactes ou, le cas \u00e9ch\u00e9ant, leur suppression lorsque, entre autres raisons, les donn\u00e9es ne sont plus n\u00e9cessaires aux fins pour lesquelles elles ont \u00e9t\u00e9 collect\u00e9es. En ce qui concerne les cookies, ces droits peuvent \u00eatre exerc\u00e9s sous r\u00e9serve des limitations d\u00e9coulant de la nature de ces fichiers.<\/p><p>Dans les conditions pr\u00e9vues par le R\u00e8glement G\u00e9n\u00e9ral sur la Protection des Donn\u00e9es, les personnes concern\u00e9es peuvent demander la limitation du traitement de leurs donn\u00e9es ou leur portabilit\u00e9, auquel cas nous ne les conserverons que pour l&rsquo;exercice ou la d\u00e9fense de r\u00e9clamations.<\/p><p>Dans certaines circonstances et pour des raisons li\u00e9es \u00e0 leur situation particuli\u00e8re, les personnes concern\u00e9es peuvent s&rsquo;opposer au traitement de leurs donn\u00e9es. Si vous avez donn\u00e9 votre consentement pour une finalit\u00e9 sp\u00e9cifique, vous avez le droit de le retirer \u00e0 tout moment, sans que cela n&rsquo;affecte la lic\u00e9it\u00e9 du traitement fond\u00e9 sur le consentement donn\u00e9 avant son retrait. Dans ces cas, nous cesserons de traiter les donn\u00e9es ou, le cas \u00e9ch\u00e9ant, nous cesserons de le faire pour cette finalit\u00e9 sp\u00e9cifique, sauf pour des motifs l\u00e9gitimes imp\u00e9rieux ou pour l&rsquo;exercice ou la d\u00e9fense de r\u00e9clamations \u00e9ventuelles.<\/p><p>En cas de violation de vos droits, notamment si vous n&rsquo;avez pas obtenu satisfaction dans leur exercice, vous pouvez d\u00e9poser une plainte aupr\u00e8s de l&rsquo;Agence espagnole de protection des donn\u00e9es (coordonn\u00e9es disponibles sur www.agpd.es) ou aupr\u00e8s d&rsquo;une autre autorit\u00e9 de contr\u00f4le comp\u00e9tente. Vous pouvez \u00e9galement obtenir plus d&rsquo;informations sur les droits qui vous sont accord\u00e9s en vous adressant \u00e0 ces organismes.\u00a0<\/p><p>COMMENT PUIS-JE G\u00c9RER LES COOKIES ?<\/p><p>Vous pouvez autoriser, bloquer ou supprimer les cookies install\u00e9s sur votre appareil en configurant les options de votre navigateur. Vous pouvez trouver des informations sur la fa\u00e7on de le faire, concernant les navigateurs les plus courants, aux liens suivants<\/p><ul><li>Internet Explorer : <a href=\"https:\/\/support.microsoft.com\/es-es\/help\/17442\/windows-internet-explorer-delete-manage-cookies\">https:\/\/support.microsoft.com\/es-es\/help\/17442\/windows-internet-explorer-delete-manage-cookies<\/a><\/li><li>Firefox : <a href=\"https:\/\/support.mozilla.org\/es\/kb\/habilitar-y-deshabilitar-cookies-que-los-sitios-we\">https:\/\/support.mozilla.org\/es\/kb\/habilitar-y-deshabilitar-cookies-que-los-sitios-we<\/a><\/li><li>Chrome : <a href=\"http:\/\/support.google.com\/chrome\/bin\/answer.py?hl=es&amp;answer=95647\">http:\/\/support.google.com\/chrome\/bin\/answer.py?hl=es&amp;answer=95647<\/a><\/li><li>Safari : <a href=\"https:\/\/support.apple.com\/es-es\/guide\/safari\/sfri11471\/mac\">https:\/\/support.apple.com\/es-es\/guide\/safari\/sfri11471\/mac<\/a><\/li><\/ul>\t\t\t\t\t\t<\/div>\n\t\t\t\t<\/div>\n\t\t\t\t\t<\/div>\n\t\t<\/div>\n\t\t\t\t\t<\/div>\n\t\t<\/section>\n\t\t\t\t<\/div>\n\t\t","protected":false},"excerpt":{"rendered":"<p>Politique de cookies QU&rsquo;EST-CE QU&rsquo;UN COOKIE ? Un cookie est un fichier qui se t\u00e9l\u00e9charge sur votre ordinateur lorsque vous acc\u00e9dez \u00e0 certains sites Web. Les cookies permettent \u00e0 un site Web, entre autres choses, de stocker et de r\u00e9cup\u00e9rer [&hellip;]<\/p>\n","protected":false},"author":2,"featured_media":0,"parent":0,"menu_order":0,"comment_status":"closed","ping_status":"closed","template":"","meta":{"footnotes":""},"yoast_head":"<!-- This site is optimized with the Yoast SEO plugin v22.4 - https:\/\/yoast.com\/wordpress\/plugins\/seo\/ -->\n<title>Politique de cookies - La Colosal<\/title>\n<meta name=\"robots\" content=\"index, follow, max-snippet:-1, max-image-preview:large, max-video-preview:-1\" \/>\n<link rel=\"canonical\" href=\"https:\/\/lacolosal.es\/fr\/politica-de-cookies\/\" \/>\n<meta property=\"og:locale\" content=\"fr_FR\" \/>\n<meta property=\"og:type\" content=\"article\" \/>\n<meta property=\"og:title\" content=\"Politique de cookies - La Colosal\" \/>\n<meta property=\"og:description\" content=\"Politique de cookies QU&rsquo;EST-CE QU&rsquo;UN COOKIE ? Un cookie est un fichier qui se t\u00e9l\u00e9charge sur votre ordinateur lorsque vous acc\u00e9dez \u00e0 certains sites Web. Les cookies permettent \u00e0 un site Web, entre autres choses, de stocker et de r\u00e9cup\u00e9rer [&hellip;]\" \/>\n<meta property=\"og:url\" content=\"https:\/\/lacolosal.es\/fr\/politica-de-cookies\/\" \/>\n<meta property=\"og:site_name\" content=\"La Colosal\" \/>\n<meta property=\"article:publisher\" content=\"https:\/\/www.facebook.com\/lacolosalrestaurante\/\" \/>\n<meta property=\"article:modified_time\" content=\"2024-04-03T13:52:11+00:00\" \/>\n<meta name=\"twitter:card\" content=\"summary_large_image\" \/>\n<meta name=\"twitter:label1\" content=\"Dur\u00e9e de lecture estim\u00e9e\" \/>\n\t<meta name=\"twitter:data1\" content=\"8 minutes\" \/>\n<script type=\"application\/ld+json\" class=\"yoast-schema-graph\">{\"@context\":\"https:\/\/schema.org\",\"@graph\":[{\"@type\":\"WebPage\",\"@id\":\"https:\/\/lacolosal.es\/fr\/politica-de-cookies\/\",\"url\":\"https:\/\/lacolosal.es\/fr\/politica-de-cookies\/\",\"name\":\"Politique de cookies - La Colosal\",\"isPartOf\":{\"@id\":\"https:\/\/lacolosal.es\/fr\/#website\"},\"datePublished\":\"2024-03-28T09:31:47+00:00\",\"dateModified\":\"2024-04-03T13:52:11+00:00\",\"breadcrumb\":{\"@id\":\"https:\/\/lacolosal.es\/fr\/politica-de-cookies\/#breadcrumb\"},\"inLanguage\":\"fr-FR\",\"potentialAction\":[{\"@type\":\"ReadAction\",\"target\":[\"https:\/\/lacolosal.es\/fr\/politica-de-cookies\/\"]}]},{\"@type\":\"BreadcrumbList\",\"@id\":\"https:\/\/lacolosal.es\/fr\/politica-de-cookies\/#breadcrumb\",\"itemListElement\":[{\"@type\":\"ListItem\",\"position\":1,\"name\":\"Inicio\",\"item\":\"https:\/\/lacolosal.es\/fr\/\"},{\"@type\":\"ListItem\",\"position\":2,\"name\":\"Politique de cookies\"}]},{\"@type\":\"WebSite\",\"@id\":\"https:\/\/lacolosal.es\/fr\/#website\",\"url\":\"https:\/\/lacolosal.es\/fr\/\",\"name\":\"La Colosal\",\"description\":\"La Colosal\",\"publisher\":{\"@id\":\"https:\/\/lacolosal.es\/fr\/#organization\"},\"potentialAction\":[{\"@type\":\"SearchAction\",\"target\":{\"@type\":\"EntryPoint\",\"urlTemplate\":\"https:\/\/lacolosal.es\/fr\/?s={search_term_string}\"},\"query-input\":\"required name=search_term_string\"}],\"inLanguage\":\"fr-FR\"},{\"@type\":\"Organization\",\"@id\":\"https:\/\/lacolosal.es\/fr\/#organization\",\"name\":\"La Colosal\",\"url\":\"https:\/\/lacolosal.es\/fr\/\",\"logo\":{\"@type\":\"ImageObject\",\"inLanguage\":\"fr-FR\",\"@id\":\"https:\/\/lacolosal.es\/fr\/#\/schema\/logo\/image\/\",\"url\":\"https:\/\/lacolosal.es\/wp-content\/uploads\/2023\/04\/logo-colosal-blanco.png\",\"contentUrl\":\"https:\/\/lacolosal.es\/wp-content\/uploads\/2023\/04\/logo-colosal-blanco.png\",\"width\":721,\"height\":132,\"caption\":\"La Colosal\"},\"image\":{\"@id\":\"https:\/\/lacolosal.es\/fr\/#\/schema\/logo\/image\/\"},\"sameAs\":[\"https:\/\/www.facebook.com\/lacolosalrestaurante\/\",\"https:\/\/www.instagram.com\/lacolosalrestaurante\/\"]}]}<\/script>\n<!-- \/ Yoast SEO plugin. -->","yoast_head_json":{"title":"Politique de cookies - La Colosal","robots":{"index":"index","follow":"follow","max-snippet":"max-snippet:-1","max-image-preview":"max-image-preview:large","max-video-preview":"max-video-preview:-1"},"canonical":"https:\/\/lacolosal.es\/fr\/politica-de-cookies\/","og_locale":"fr_FR","og_type":"article","og_title":"Politique de cookies - La Colosal","og_description":"Politique de cookies QU&rsquo;EST-CE QU&rsquo;UN COOKIE ? Un cookie est un fichier qui se t\u00e9l\u00e9charge sur votre ordinateur lorsque vous acc\u00e9dez \u00e0 certains sites Web. Les cookies permettent \u00e0 un site Web, entre autres choses, de stocker et de r\u00e9cup\u00e9rer [&hellip;]","og_url":"https:\/\/lacolosal.es\/fr\/politica-de-cookies\/","og_site_name":"La Colosal","article_publisher":"https:\/\/www.facebook.com\/lacolosalrestaurante\/","article_modified_time":"2024-04-03T13:52:11+00:00","twitter_card":"summary_large_image","twitter_misc":{"Dur\u00e9e de lecture estim\u00e9e":"8 minutes"},"schema":{"@context":"https:\/\/schema.org","@graph":[{"@type":"WebPage","@id":"https:\/\/lacolosal.es\/fr\/politica-de-cookies\/","url":"https:\/\/lacolosal.es\/fr\/politica-de-cookies\/","name":"Politique de cookies - La Colosal","isPartOf":{"@id":"https:\/\/lacolosal.es\/fr\/#website"},"datePublished":"2024-03-28T09:31:47+00:00","dateModified":"2024-04-03T13:52:11+00:00","breadcrumb":{"@id":"https:\/\/lacolosal.es\/fr\/politica-de-cookies\/#breadcrumb"},"inLanguage":"fr-FR","potentialAction":[{"@type":"ReadAction","target":["https:\/\/lacolosal.es\/fr\/politica-de-cookies\/"]}]},{"@type":"BreadcrumbList","@id":"https:\/\/lacolosal.es\/fr\/politica-de-cookies\/#breadcrumb","itemListElement":[{"@type":"ListItem","position":1,"name":"Inicio","item":"https:\/\/lacolosal.es\/fr\/"},{"@type":"ListItem","position":2,"name":"Politique de cookies"}]},{"@type":"WebSite","@id":"https:\/\/lacolosal.es\/fr\/#website","url":"https:\/\/lacolosal.es\/fr\/","name":"La Colosal","description":"La Colosal","publisher":{"@id":"https:\/\/lacolosal.es\/fr\/#organization"},"potentialAction":[{"@type":"SearchAction","target":{"@type":"EntryPoint","urlTemplate":"https:\/\/lacolosal.es\/fr\/?s={search_term_string}"},"query-input":"required name=search_term_string"}],"inLanguage":"fr-FR"},{"@type":"Organization","@id":"https:\/\/lacolosal.es\/fr\/#organization","name":"La Colosal","url":"https:\/\/lacolosal.es\/fr\/","logo":{"@type":"ImageObject","inLanguage":"fr-FR","@id":"https:\/\/lacolosal.es\/fr\/#\/schema\/logo\/image\/","url":"https:\/\/lacolosal.es\/wp-content\/uploads\/2023\/04\/logo-colosal-blanco.png","contentUrl":"https:\/\/lacolosal.es\/wp-content\/uploads\/2023\/04\/logo-colosal-blanco.png","width":721,"height":132,"caption":"La Colosal"},"image":{"@id":"https:\/\/lacolosal.es\/fr\/#\/schema\/logo\/image\/"},"sameAs":["https:\/\/www.facebook.com\/lacolosalrestaurante\/","https:\/\/www.instagram.com\/lacolosalrestaurante\/"]}]}},"_links":{"self":[{"href":"https:\/\/lacolosal.es\/fr\/wp-json\/wp\/v2\/pages\/12905"}],"collection":[{"href":"https:\/\/lacolosal.es\/fr\/wp-json\/wp\/v2\/pages"}],"about":[{"href":"https:\/\/lacolosal.es\/fr\/wp-json\/wp\/v2\/types\/page"}],"author":[{"embeddable":true,"href":"https:\/\/lacolosal.es\/fr\/wp-json\/wp\/v2\/users\/2"}],"replies":[{"embeddable":true,"href":"https:\/\/lacolosal.es\/fr\/wp-json\/wp\/v2\/comments?post=12905"}],"version-history":[{"count":7,"href":"https:\/\/lacolosal.es\/fr\/wp-json\/wp\/v2\/pages\/12905\/revisions"}],"predecessor-version":[{"id":13147,"href":"https:\/\/lacolosal.es\/fr\/wp-json\/wp\/v2\/pages\/12905\/revisions\/13147"}],"wp:attachment":[{"href":"https:\/\/lacolosal.es\/fr\/wp-json\/wp\/v2\/media?parent=12905"}],"curies":[{"name":"wp","href":"https:\/\/api.w.org\/{rel}","templated":true}]}}