{"id":12745,"date":"2024-03-28T09:27:07","date_gmt":"2024-03-28T08:27:07","guid":{"rendered":"https:\/\/lacolosal.es\/politica-de-privacidad\/"},"modified":"2024-03-28T09:45:49","modified_gmt":"2024-03-28T08:45:49","slug":"politica-de-privacidad","status":"publish","type":"page","link":"https:\/\/lacolosal.es\/fr\/politica-de-privacidad\/","title":{"rendered":"Pol\u00edtica de privacidad"},"content":{"rendered":"\t\t<div data-elementor-type=\"wp-page\" data-elementor-id=\"12745\" class=\"elementor elementor-12745 elementor-12310\" data-elementor-post-type=\"page\">\n\t\t\t\t\t\t<section class=\"elementor-section elementor-top-section elementor-element elementor-element-f45bd66 elementor-section-boxed elementor-section-height-default elementor-section-height-default\" data-id=\"f45bd66\" data-element_type=\"section\" data-settings=\"{&quot;architecturer_ext_is_background_parallax&quot;:&quot;false&quot;,&quot;architecturer_ext_is_background_on_scroll&quot;:&quot;false&quot;}\">\n\t\t\t\t\t\t<div class=\"elementor-container elementor-column-gap-default\">\n\t\t\t\t\t<div class=\"elementor-column elementor-col-100 elementor-top-column elementor-element elementor-element-007bf3d\" data-id=\"007bf3d\" data-element_type=\"column\" data-settings=\"{&quot;architecturer_ext_is_mobile_menu&quot;:&quot;false&quot;,&quot;architecturer_ext_is_scrollme&quot;:&quot;false&quot;,&quot;architecturer_ext_is_smoove&quot;:&quot;false&quot;,&quot;architecturer_ext_is_parallax_mouse&quot;:&quot;false&quot;,&quot;architecturer_ext_is_infinite&quot;:&quot;false&quot;,&quot;architecturer_ext_is_fadeout_animation&quot;:&quot;false&quot;}\">\n\t\t\t<div class=\"elementor-widget-wrap\">\n\t\t\t\t\t\t\t<\/div>\n\t\t<\/div>\n\t\t\t\t\t<\/div>\n\t\t<\/section>\n\t\t\t\t<section class=\"elementor-section elementor-top-section elementor-element elementor-element-f781242 elementor-section-stretched elementor-section-height-min-height elementor-section-items-bottom elementor-section-content-bottom elementor-section-boxed elementor-section-height-default\" data-id=\"f781242\" data-element_type=\"section\" data-settings=\"{&quot;stretch_section&quot;:&quot;section-stretched&quot;,&quot;background_background&quot;:&quot;classic&quot;,&quot;architecturer_ext_is_background_parallax&quot;:&quot;false&quot;,&quot;architecturer_ext_is_background_on_scroll&quot;:&quot;false&quot;}\">\n\t\t\t\t\t\t\t<div class=\"elementor-background-overlay\"><\/div>\n\t\t\t\t\t\t\t<div class=\"elementor-container elementor-column-gap-default\">\n\t\t\t\t\t<div class=\"elementor-column elementor-col-100 elementor-top-column elementor-element elementor-element-6d7911a\" data-id=\"6d7911a\" data-element_type=\"column\" data-settings=\"{&quot;architecturer_ext_is_mobile_menu&quot;:&quot;false&quot;,&quot;architecturer_ext_is_scrollme&quot;:&quot;false&quot;,&quot;architecturer_ext_is_smoove&quot;:&quot;false&quot;,&quot;architecturer_ext_is_parallax_mouse&quot;:&quot;false&quot;,&quot;architecturer_ext_is_infinite&quot;:&quot;false&quot;,&quot;architecturer_ext_is_fadeout_animation&quot;:&quot;false&quot;}\">\n\t\t\t<div class=\"elementor-widget-wrap\">\n\t\t\t\t\t\t\t<\/div>\n\t\t<\/div>\n\t\t\t\t\t<\/div>\n\t\t<\/section>\n\t\t\t\t<section class=\"elementor-section elementor-top-section elementor-element elementor-element-7f666b8 elementor-section-boxed elementor-section-height-default elementor-section-height-default\" data-id=\"7f666b8\" data-element_type=\"section\" data-settings=\"{&quot;architecturer_ext_is_background_parallax&quot;:&quot;false&quot;,&quot;architecturer_ext_is_background_on_scroll&quot;:&quot;false&quot;}\">\n\t\t\t\t\t\t<div class=\"elementor-container elementor-column-gap-default\">\n\t\t\t\t\t<div class=\"elementor-column elementor-col-100 elementor-top-column elementor-element elementor-element-6b032eb\" data-id=\"6b032eb\" data-element_type=\"column\" data-settings=\"{&quot;architecturer_ext_is_mobile_menu&quot;:&quot;false&quot;,&quot;architecturer_ext_is_scrollme&quot;:&quot;false&quot;,&quot;architecturer_ext_is_smoove&quot;:&quot;false&quot;,&quot;architecturer_ext_is_parallax_mouse&quot;:&quot;false&quot;,&quot;architecturer_ext_is_infinite&quot;:&quot;false&quot;,&quot;architecturer_ext_is_fadeout_animation&quot;:&quot;false&quot;}\">\n\t\t\t<div class=\"elementor-widget-wrap elementor-element-populated\">\n\t\t\t\t\t\t<div class=\"elementor-element elementor-element-5445b14 elementor-widget elementor-widget-heading\" data-id=\"5445b14\" data-element_type=\"widget\" data-settings=\"{&quot;architecturer_ext_is_mobile_menu&quot;:&quot;false&quot;,&quot;architecturer_ext_is_scrollme&quot;:&quot;false&quot;,&quot;architecturer_ext_is_smoove&quot;:&quot;false&quot;,&quot;architecturer_ext_is_parallax_mouse&quot;:&quot;false&quot;,&quot;architecturer_ext_is_infinite&quot;:&quot;false&quot;,&quot;architecturer_ext_is_fadeout_animation&quot;:&quot;false&quot;}\" data-widget_type=\"heading.default\">\n\t\t\t\t<div class=\"elementor-widget-container\">\n\t\t\t<h2 class=\"elementor-heading-title elementor-size-default\">Politique de confidentialit\u00e9<\/h2>\t\t<\/div>\n\t\t\t\t<\/div>\n\t\t\t\t\t<\/div>\n\t\t<\/div>\n\t\t\t\t\t<\/div>\n\t\t<\/section>\n\t\t\t\t<section class=\"elementor-section elementor-top-section elementor-element elementor-element-51a0b85 elementor-section-boxed elementor-section-height-default elementor-section-height-default\" data-id=\"51a0b85\" data-element_type=\"section\" data-settings=\"{&quot;architecturer_ext_is_background_parallax&quot;:&quot;false&quot;,&quot;architecturer_ext_is_background_on_scroll&quot;:&quot;false&quot;}\">\n\t\t\t\t\t\t<div class=\"elementor-container elementor-column-gap-default\">\n\t\t\t\t\t<div class=\"elementor-column elementor-col-100 elementor-top-column elementor-element elementor-element-0be583b\" data-id=\"0be583b\" data-element_type=\"column\" data-settings=\"{&quot;architecturer_ext_is_mobile_menu&quot;:&quot;false&quot;,&quot;architecturer_ext_is_scrollme&quot;:&quot;false&quot;,&quot;architecturer_ext_is_smoove&quot;:&quot;false&quot;,&quot;architecturer_ext_is_parallax_mouse&quot;:&quot;false&quot;,&quot;architecturer_ext_is_infinite&quot;:&quot;false&quot;,&quot;architecturer_ext_is_fadeout_animation&quot;:&quot;false&quot;}\">\n\t\t\t<div class=\"elementor-widget-wrap elementor-element-populated\">\n\t\t\t\t\t\t<div class=\"elementor-element elementor-element-7c24868 elementor-widget elementor-widget-text-editor\" data-id=\"7c24868\" data-element_type=\"widget\" data-settings=\"{&quot;architecturer_ext_is_mobile_menu&quot;:&quot;false&quot;,&quot;architecturer_ext_is_scrollme&quot;:&quot;false&quot;,&quot;architecturer_ext_is_smoove&quot;:&quot;false&quot;,&quot;architecturer_ext_is_parallax_mouse&quot;:&quot;false&quot;,&quot;architecturer_ext_is_infinite&quot;:&quot;false&quot;,&quot;architecturer_ext_is_fadeout_animation&quot;:&quot;false&quot;}\" data-widget_type=\"text-editor.default\">\n\t\t\t\t<div class=\"elementor-widget-container\">\n\t\t\t\t\t\t\t<p><br \/>1. INFORMATION POUR L&rsquo;UTILISATEUR<br \/>Qui est responsable du traitement de vos donn\u00e9es personnelles?<br \/>LA COLOSAL 2018, S.L. est le RESPONSABLE du traitement des donn\u00e9es personnelles de l&rsquo;UTILISATEUR et l&rsquo;informe que ces donn\u00e9es seront trait\u00e9es conform\u00e9ment aux dispositions du R\u00e8glement (UE) 2016\/679, du 27 avril (GDPR), et de la Loi organique 3\/2018, du 5 d\u00e9cembre (LOPDGDD).<\/p><p>Pourquoi traitons-nous vos donn\u00e9es personnelles?<br \/>Pour maintenir une relation commerciale avec l&rsquo;utilisateur. Les op\u00e9rations pr\u00e9vues pour effectuer le traitement sont les suivantes :<\/p><p>Envoi de communications publicitaires commerciales par e-mail, fax, SMS, MMS, r\u00e9seaux sociaux ou tout autre moyen \u00e9lectronique ou physique, pr\u00e9sent ou futur, permettant les communications commerciales. Ces communications seront effectu\u00e9es par le RESPONSABLE et seront li\u00e9es \u00e0 ses produits et services, ou \u00e0 ses collaborateurs ou fournisseurs, avec lesquels il aura conclu un accord promotionnel. Dans ce cas, les tiers n&rsquo;auront jamais acc\u00e8s aux donn\u00e9es personnelles.<br \/>R\u00e9alisation d&rsquo;\u00e9tudes de march\u00e9 et d&rsquo;analyses statistiques.<br \/>Traitement des commandes, demandes, r\u00e9ponses aux questions ou tout autre type de demande formul\u00e9e par l&rsquo;UTILISATEUR via l&rsquo;un des formulaires de contact mis \u00e0 disposition sur le site Web du RESPONSABLE.<br \/>Envoi du bulletin d&rsquo;information en ligne, sur les actualit\u00e9s, les offres et les promotions dans notre activit\u00e9.<\/p><p>Pourquoi pouvons-nous traiter vos donn\u00e9es personnelles ?<br \/>Le traitement est l\u00e9gitim\u00e9 par l&rsquo;article 6 du GDPR de la mani\u00e8re suivante :<\/p><p>Avec le consentement de l&rsquo;UTILISATEUR : envoi de communications commerciales et du bulletin d&rsquo;information.<br \/>Pour l&rsquo;int\u00e9r\u00eat l\u00e9gitime du RESPONSABLE : r\u00e9aliser des \u00e9tudes de march\u00e9, des analyses statistiques, etc., et traiter les commandes, demandes, etc., \u00e0 la demande de l&rsquo;UTILISATEUR.<\/p><p>Pendant combien de temps conservons-nous vos donn\u00e9es personnelles ?<br \/>Elles seront conserv\u00e9es aussi longtemps que n\u00e9cessaire pour atteindre l&rsquo;objectif du traitement ou tant qu&rsquo;il existe des exigences l\u00e9gales qui imposent leur conservation. Lorsqu&rsquo;elles ne seront plus n\u00e9cessaires, elles seront supprim\u00e9es avec des mesures de s\u00e9curit\u00e9 appropri\u00e9es pour garantir l&rsquo;anonymisation des donn\u00e9es ou leur destruction totale.<\/p><p>\u00c0 qui fournirons-nous vos donn\u00e9es personnelles ?<br \/>Aucune communication de donn\u00e9es personnelles \u00e0 des tiers n&rsquo;est pr\u00e9vue, sauf si n\u00e9cessaire pour le d\u00e9veloppement et l&rsquo;ex\u00e9cution des objectifs du traitement, \u00e0 nos prestataires de services li\u00e9s aux communications, avec lesquels le RESPONSABLE a sign\u00e9 les contrats de confidentialit\u00e9 et de traitement des donn\u00e9es requis par la r\u00e9glementation sur la confidentialit\u00e9 en vigueur.<\/p><p>Quels sont vos droits ?<\/p><p>Les droits dont dispose l&rsquo;UTILISATEUR sont les suivants :<\/p><p>Droit de retirer son consentement \u00e0 tout moment.<br \/>Droit d&rsquo;acc\u00e8s, de rectification, de portabilit\u00e9 et de suppression de vos donn\u00e9es, ainsi que de limitation ou d&rsquo;opposition \u00e0 leur traitement.<br \/>Droit de d\u00e9poser une plainte aupr\u00e8s de l&rsquo;autorit\u00e9 de contr\u00f4le (www.aepd.es) si vous estimez que le traitement ne respecte pas la r\u00e9glementation en vigueur.<\/p><p>Coordonn\u00e9es pour exercer vos droits :<\/p><p>LA COLOSAL 2018, S.L., Carrer Muntaner, 239, Planta At. &#8211; 08021 Barcelona. Email: infolacolosal@gmail.com<\/p><p><br \/>2. CARACT\u00c8RE OBLIGATOIRE OU FACULTATIF DES INFORMATIONS FOURNIES PAR L&rsquo;UTILISATEUR<\/p><p>Les UTILISATEURS, en cochant les cases correspondantes et en saisissant les donn\u00e9es dans les champs marqu\u00e9s d&rsquo;un ast\u00e9risque (*) dans le formulaire de contact ou pr\u00e9sent\u00e9s dans les formulaires de t\u00e9l\u00e9chargement, acceptent express\u00e9ment, librement et sans \u00e9quivoque que leurs donn\u00e9es sont n\u00e9cessaires pour r\u00e9pondre \u00e0 leur demande par le fournisseur, la saisie de donn\u00e9es dans les champs restants \u00e9tant facultative. L&rsquo;UTILISATEUR garantit que les donn\u00e9es personnelles fournies au RESPONSABLE sont v\u00e9ridiques et s&rsquo;engage \u00e0 communiquer toute modification les concernant.<\/p><p>Le RESPONSABLE informe que toutes les donn\u00e9es demand\u00e9es sur le site Web sont obligatoires, car elles sont n\u00e9cessaires pour fournir un service optimal \u00e0 l&rsquo;UTILISATEUR. Si toutes les donn\u00e9es ne sont pas fournies, il n&rsquo;est pas garanti que les informations et les services fournis r\u00e9pondent enti\u00e8rement \u00e0 leurs besoins.<\/p><p>3. MESURES DE S\u00c9CURIT\u00c9<\/p><p>Conform\u00e9ment \u00e0 la r\u00e9glementation en vigueur sur la protection des donn\u00e9es \u00e0 caract\u00e8re personnel, le RESPONSABLE se conforme \u00e0 toutes les dispositions du R\u00e8glement g\u00e9n\u00e9ral sur la protection des donn\u00e9es (RGPD) et de la Loi organique sur la protection des donn\u00e9es et les droits num\u00e9riques (LOPDGDD) pour le traitement des donn\u00e9es personnelles dont il est responsable, et ce conform\u00e9ment aux principes \u00e9nonc\u00e9s \u00e0 l&rsquo;article 5 du RGPD, selon lesquels les donn\u00e9es sont trait\u00e9es de mani\u00e8re licite, \u00e9quitable et transparente vis-\u00e0-vis de la personne concern\u00e9e, et sont ad\u00e9quates, pertinentes et limit\u00e9es \u00e0 ce qui est n\u00e9cessaire par rapport aux finalit\u00e9s pour lesquelles elles sont trait\u00e9es.<\/p><p>Le RESPONSABLE garantit avoir mis en \u0153uvre des politiques techniques et organisationnelles appropri\u00e9es pour appliquer les mesures de s\u00e9curit\u00e9 \u00e9tablies par le RGPD et la LOPDGDD afin de prot\u00e9ger les droits et libert\u00e9s des UTILISATEURS, et a fourni les informations appropri\u00e9es pour qu&rsquo;ils puissent les exercer.<\/p><p>Pour plus d&rsquo;informations sur les garanties de confidentialit\u00e9, vous pouvez contacter le RESPONSABLE \u00e0 travers LA COLOSAL 2018, S.L., Carrer Muntaner, 239, Planta At. &#8211; 08021 Barcelona. Email: infolacolosal@gmail.com <\/p>\t\t\t\t\t\t<\/div>\n\t\t\t\t<\/div>\n\t\t\t\t\t<\/div>\n\t\t<\/div>\n\t\t\t\t\t<\/div>\n\t\t<\/section>\n\t\t\t\t<\/div>\n\t\t","protected":false},"excerpt":{"rendered":"<p>Politique de confidentialit\u00e9 1. INFORMATION POUR L&rsquo;UTILISATEURQui est responsable du traitement de vos donn\u00e9es personnelles?LA COLOSAL 2018, S.L. est le RESPONSABLE du traitement des donn\u00e9es personnelles de l&rsquo;UTILISATEUR et l&rsquo;informe que ces donn\u00e9es seront trait\u00e9es conform\u00e9ment aux dispositions du R\u00e8glement [&hellip;]<\/p>\n","protected":false},"author":5,"featured_media":0,"parent":0,"menu_order":0,"comment_status":"closed","ping_status":"closed","template":"","meta":{"footnotes":""},"yoast_head":"<!-- This site is optimized with the Yoast SEO plugin v22.4 - https:\/\/yoast.com\/wordpress\/plugins\/seo\/ -->\n<title>Pol\u00edtica de privacidad - La Colosal<\/title>\n<meta name=\"robots\" content=\"index, follow, max-snippet:-1, max-image-preview:large, max-video-preview:-1\" \/>\n<link rel=\"canonical\" href=\"https:\/\/lacolosal.es\/fr\/politica-de-privacidad\/\" \/>\n<meta property=\"og:locale\" content=\"fr_FR\" \/>\n<meta property=\"og:type\" content=\"article\" \/>\n<meta property=\"og:title\" content=\"Pol\u00edtica de privacidad - La Colosal\" \/>\n<meta property=\"og:description\" content=\"Politique de confidentialit\u00e9 1. INFORMATION POUR L&rsquo;UTILISATEURQui est responsable du traitement de vos donn\u00e9es personnelles?LA COLOSAL 2018, S.L. est le RESPONSABLE du traitement des donn\u00e9es personnelles de l&rsquo;UTILISATEUR et l&rsquo;informe que ces donn\u00e9es seront trait\u00e9es conform\u00e9ment aux dispositions du R\u00e8glement [&hellip;]\" \/>\n<meta property=\"og:url\" content=\"https:\/\/lacolosal.es\/fr\/politica-de-privacidad\/\" \/>\n<meta property=\"og:site_name\" content=\"La Colosal\" \/>\n<meta property=\"article:publisher\" content=\"https:\/\/www.facebook.com\/lacolosalrestaurante\/\" \/>\n<meta property=\"article:modified_time\" content=\"2024-03-28T08:45:49+00:00\" \/>\n<meta name=\"twitter:card\" content=\"summary_large_image\" \/>\n<meta name=\"twitter:label1\" content=\"Dur\u00e9e de lecture estim\u00e9e\" \/>\n\t<meta name=\"twitter:data1\" content=\"4 minutes\" \/>\n<script type=\"application\/ld+json\" class=\"yoast-schema-graph\">{\"@context\":\"https:\/\/schema.org\",\"@graph\":[{\"@type\":\"WebPage\",\"@id\":\"https:\/\/lacolosal.es\/fr\/politica-de-privacidad\/\",\"url\":\"https:\/\/lacolosal.es\/fr\/politica-de-privacidad\/\",\"name\":\"Pol\u00edtica de privacidad - La Colosal\",\"isPartOf\":{\"@id\":\"https:\/\/lacolosal.es\/fr\/#website\"},\"datePublished\":\"2024-03-28T08:27:07+00:00\",\"dateModified\":\"2024-03-28T08:45:49+00:00\",\"breadcrumb\":{\"@id\":\"https:\/\/lacolosal.es\/fr\/politica-de-privacidad\/#breadcrumb\"},\"inLanguage\":\"fr-FR\",\"potentialAction\":[{\"@type\":\"ReadAction\",\"target\":[\"https:\/\/lacolosal.es\/fr\/politica-de-privacidad\/\"]}]},{\"@type\":\"BreadcrumbList\",\"@id\":\"https:\/\/lacolosal.es\/fr\/politica-de-privacidad\/#breadcrumb\",\"itemListElement\":[{\"@type\":\"ListItem\",\"position\":1,\"name\":\"Inicio\",\"item\":\"https:\/\/lacolosal.es\/fr\/\"},{\"@type\":\"ListItem\",\"position\":2,\"name\":\"Pol\u00edtica de privacidad\"}]},{\"@type\":\"WebSite\",\"@id\":\"https:\/\/lacolosal.es\/fr\/#website\",\"url\":\"https:\/\/lacolosal.es\/fr\/\",\"name\":\"La Colosal\",\"description\":\"La Colosal\",\"publisher\":{\"@id\":\"https:\/\/lacolosal.es\/fr\/#organization\"},\"potentialAction\":[{\"@type\":\"SearchAction\",\"target\":{\"@type\":\"EntryPoint\",\"urlTemplate\":\"https:\/\/lacolosal.es\/fr\/?s={search_term_string}\"},\"query-input\":\"required name=search_term_string\"}],\"inLanguage\":\"fr-FR\"},{\"@type\":\"Organization\",\"@id\":\"https:\/\/lacolosal.es\/fr\/#organization\",\"name\":\"La Colosal\",\"url\":\"https:\/\/lacolosal.es\/fr\/\",\"logo\":{\"@type\":\"ImageObject\",\"inLanguage\":\"fr-FR\",\"@id\":\"https:\/\/lacolosal.es\/fr\/#\/schema\/logo\/image\/\",\"url\":\"https:\/\/lacolosal.es\/wp-content\/uploads\/2023\/04\/logo-colosal-blanco.png\",\"contentUrl\":\"https:\/\/lacolosal.es\/wp-content\/uploads\/2023\/04\/logo-colosal-blanco.png\",\"width\":721,\"height\":132,\"caption\":\"La Colosal\"},\"image\":{\"@id\":\"https:\/\/lacolosal.es\/fr\/#\/schema\/logo\/image\/\"},\"sameAs\":[\"https:\/\/www.facebook.com\/lacolosalrestaurante\/\",\"https:\/\/www.instagram.com\/lacolosalrestaurante\/\"]}]}<\/script>\n<!-- \/ Yoast SEO plugin. -->","yoast_head_json":{"title":"Pol\u00edtica de privacidad - La Colosal","robots":{"index":"index","follow":"follow","max-snippet":"max-snippet:-1","max-image-preview":"max-image-preview:large","max-video-preview":"max-video-preview:-1"},"canonical":"https:\/\/lacolosal.es\/fr\/politica-de-privacidad\/","og_locale":"fr_FR","og_type":"article","og_title":"Pol\u00edtica de privacidad - La Colosal","og_description":"Politique de confidentialit\u00e9 1. INFORMATION POUR L&rsquo;UTILISATEURQui est responsable du traitement de vos donn\u00e9es personnelles?LA COLOSAL 2018, S.L. est le RESPONSABLE du traitement des donn\u00e9es personnelles de l&rsquo;UTILISATEUR et l&rsquo;informe que ces donn\u00e9es seront trait\u00e9es conform\u00e9ment aux dispositions du R\u00e8glement [&hellip;]","og_url":"https:\/\/lacolosal.es\/fr\/politica-de-privacidad\/","og_site_name":"La Colosal","article_publisher":"https:\/\/www.facebook.com\/lacolosalrestaurante\/","article_modified_time":"2024-03-28T08:45:49+00:00","twitter_card":"summary_large_image","twitter_misc":{"Dur\u00e9e de lecture estim\u00e9e":"4 minutes"},"schema":{"@context":"https:\/\/schema.org","@graph":[{"@type":"WebPage","@id":"https:\/\/lacolosal.es\/fr\/politica-de-privacidad\/","url":"https:\/\/lacolosal.es\/fr\/politica-de-privacidad\/","name":"Pol\u00edtica de privacidad - La Colosal","isPartOf":{"@id":"https:\/\/lacolosal.es\/fr\/#website"},"datePublished":"2024-03-28T08:27:07+00:00","dateModified":"2024-03-28T08:45:49+00:00","breadcrumb":{"@id":"https:\/\/lacolosal.es\/fr\/politica-de-privacidad\/#breadcrumb"},"inLanguage":"fr-FR","potentialAction":[{"@type":"ReadAction","target":["https:\/\/lacolosal.es\/fr\/politica-de-privacidad\/"]}]},{"@type":"BreadcrumbList","@id":"https:\/\/lacolosal.es\/fr\/politica-de-privacidad\/#breadcrumb","itemListElement":[{"@type":"ListItem","position":1,"name":"Inicio","item":"https:\/\/lacolosal.es\/fr\/"},{"@type":"ListItem","position":2,"name":"Pol\u00edtica de privacidad"}]},{"@type":"WebSite","@id":"https:\/\/lacolosal.es\/fr\/#website","url":"https:\/\/lacolosal.es\/fr\/","name":"La Colosal","description":"La Colosal","publisher":{"@id":"https:\/\/lacolosal.es\/fr\/#organization"},"potentialAction":[{"@type":"SearchAction","target":{"@type":"EntryPoint","urlTemplate":"https:\/\/lacolosal.es\/fr\/?s={search_term_string}"},"query-input":"required name=search_term_string"}],"inLanguage":"fr-FR"},{"@type":"Organization","@id":"https:\/\/lacolosal.es\/fr\/#organization","name":"La Colosal","url":"https:\/\/lacolosal.es\/fr\/","logo":{"@type":"ImageObject","inLanguage":"fr-FR","@id":"https:\/\/lacolosal.es\/fr\/#\/schema\/logo\/image\/","url":"https:\/\/lacolosal.es\/wp-content\/uploads\/2023\/04\/logo-colosal-blanco.png","contentUrl":"https:\/\/lacolosal.es\/wp-content\/uploads\/2023\/04\/logo-colosal-blanco.png","width":721,"height":132,"caption":"La Colosal"},"image":{"@id":"https:\/\/lacolosal.es\/fr\/#\/schema\/logo\/image\/"},"sameAs":["https:\/\/www.facebook.com\/lacolosalrestaurante\/","https:\/\/www.instagram.com\/lacolosalrestaurante\/"]}]}},"_links":{"self":[{"href":"https:\/\/lacolosal.es\/fr\/wp-json\/wp\/v2\/pages\/12745"}],"collection":[{"href":"https:\/\/lacolosal.es\/fr\/wp-json\/wp\/v2\/pages"}],"about":[{"href":"https:\/\/lacolosal.es\/fr\/wp-json\/wp\/v2\/types\/page"}],"author":[{"embeddable":true,"href":"https:\/\/lacolosal.es\/fr\/wp-json\/wp\/v2\/users\/5"}],"replies":[{"embeddable":true,"href":"https:\/\/lacolosal.es\/fr\/wp-json\/wp\/v2\/comments?post=12745"}],"version-history":[{"count":7,"href":"https:\/\/lacolosal.es\/fr\/wp-json\/wp\/v2\/pages\/12745\/revisions"}],"predecessor-version":[{"id":12777,"href":"https:\/\/lacolosal.es\/fr\/wp-json\/wp\/v2\/pages\/12745\/revisions\/12777"}],"wp:attachment":[{"href":"https:\/\/lacolosal.es\/fr\/wp-json\/wp\/v2\/media?parent=12745"}],"curies":[{"name":"wp","href":"https:\/\/api.w.org\/{rel}","templated":true}]}}