{"id":12417,"date":"2020-02-06T12:40:30","date_gmt":"2020-02-06T10:40:30","guid":{"rendered":"https:\/\/lacolosal.es\/catering\/"},"modified":"2024-04-11T13:41:46","modified_gmt":"2024-04-11T11:41:46","slug":"catering","status":"publish","type":"page","link":"https:\/\/lacolosal.es\/fr\/catering\/","title":{"rendered":"Catering"},"content":{"rendered":"\t\t<div data-elementor-type=\"wp-post\" data-elementor-id=\"12417\" class=\"elementor elementor-12417 elementor-3146\" data-elementor-post-type=\"page\">\n\t\t\t\t\t\t<section class=\"elementor-section elementor-top-section elementor-element elementor-element-8d35f64 elementor-section-stretched elementor-section-height-min-height elementor-section-items-bottom elementor-section-content-bottom elementor-section-boxed elementor-section-height-default\" data-id=\"8d35f64\" data-element_type=\"section\" data-settings=\"{&quot;stretch_section&quot;:&quot;section-stretched&quot;,&quot;background_background&quot;:&quot;classic&quot;,&quot;architecturer_ext_is_background_parallax&quot;:&quot;false&quot;,&quot;architecturer_ext_is_background_on_scroll&quot;:&quot;false&quot;}\">\n\t\t\t\t\t\t\t<div class=\"elementor-background-overlay\"><\/div>\n\t\t\t\t\t\t\t<div class=\"elementor-container elementor-column-gap-default\">\n\t\t\t\t\t<div class=\"elementor-column elementor-col-50 elementor-top-column elementor-element elementor-element-9ae188a\" data-id=\"9ae188a\" data-element_type=\"column\" data-settings=\"{&quot;architecturer_ext_is_mobile_menu&quot;:&quot;false&quot;,&quot;architecturer_ext_is_scrollme&quot;:&quot;false&quot;,&quot;architecturer_ext_is_smoove&quot;:&quot;false&quot;,&quot;architecturer_ext_is_parallax_mouse&quot;:&quot;false&quot;,&quot;architecturer_ext_is_infinite&quot;:&quot;false&quot;,&quot;architecturer_ext_is_fadeout_animation&quot;:&quot;false&quot;}\">\n\t\t\t<div class=\"elementor-widget-wrap\">\n\t\t\t\t\t\t\t<\/div>\n\t\t<\/div>\n\t\t\t\t<div class=\"elementor-column elementor-col-50 elementor-top-column elementor-element elementor-element-0c76c75\" data-id=\"0c76c75\" data-element_type=\"column\" data-settings=\"{&quot;architecturer_ext_is_mobile_menu&quot;:&quot;false&quot;,&quot;architecturer_ext_is_scrollme&quot;:&quot;false&quot;,&quot;architecturer_ext_is_smoove&quot;:&quot;false&quot;,&quot;architecturer_ext_is_parallax_mouse&quot;:&quot;false&quot;,&quot;architecturer_ext_is_infinite&quot;:&quot;false&quot;,&quot;architecturer_ext_is_fadeout_animation&quot;:&quot;false&quot;}\">\n\t\t\t<div class=\"elementor-widget-wrap\">\n\t\t\t\t\t\t\t<\/div>\n\t\t<\/div>\n\t\t\t\t\t<\/div>\n\t\t<\/section>\n\t\t\t\t<section class=\"elementor-section elementor-top-section elementor-element elementor-element-fbf7666 elementor-section-content-middle elementor-section-stretched elementor-reverse-mobile elementor-section-boxed elementor-section-height-default elementor-section-height-default\" data-id=\"fbf7666\" data-element_type=\"section\" data-settings=\"{&quot;stretch_section&quot;:&quot;section-stretched&quot;,&quot;background_background&quot;:&quot;classic&quot;,&quot;architecturer_ext_is_background_parallax&quot;:&quot;false&quot;,&quot;architecturer_ext_is_background_on_scroll&quot;:&quot;false&quot;}\">\n\t\t\t\t\t\t<div class=\"elementor-container elementor-column-gap-default\">\n\t\t\t\t\t<div class=\"elementor-column elementor-col-66 elementor-top-column elementor-element elementor-element-2388f72\" data-id=\"2388f72\" data-element_type=\"column\" data-settings=\"{&quot;architecturer_ext_is_mobile_menu&quot;:&quot;false&quot;,&quot;architecturer_ext_is_scrollme&quot;:&quot;false&quot;,&quot;architecturer_ext_is_smoove&quot;:&quot;false&quot;,&quot;architecturer_ext_is_parallax_mouse&quot;:&quot;false&quot;,&quot;architecturer_ext_is_infinite&quot;:&quot;false&quot;,&quot;architecturer_ext_is_fadeout_animation&quot;:&quot;false&quot;}\">\n\t\t\t<div class=\"elementor-widget-wrap elementor-element-populated\">\n\t\t\t\t\t\t<div class=\"elementor-element elementor-element-bc18d83 animated-fast elementor-widget elementor-widget-image\" data-id=\"bc18d83\" data-element_type=\"widget\" data-settings=\"{&quot;_animation&quot;:&quot;none&quot;,&quot;architecturer_image_is_animation&quot;:&quot;false&quot;,&quot;architecturer_ext_is_mobile_menu&quot;:&quot;false&quot;,&quot;architecturer_ext_is_scrollme&quot;:&quot;false&quot;,&quot;architecturer_ext_is_smoove&quot;:&quot;false&quot;,&quot;architecturer_ext_is_parallax_mouse&quot;:&quot;false&quot;,&quot;architecturer_ext_is_infinite&quot;:&quot;false&quot;,&quot;architecturer_ext_is_fadeout_animation&quot;:&quot;false&quot;}\" data-widget_type=\"image.default\">\n\t\t\t\t<div class=\"elementor-widget-container\">\n\t\t\t\t\t\t\t\t\t\t\t\t\t<img fetchpriority=\"high\" decoding=\"async\" width=\"683\" height=\"1024\" src=\"https:\/\/lacolosal.es\/wp-content\/uploads\/2023\/04\/SIN_6800-683x1024.jpg\" class=\"attachment-large size-large wp-image-11672\" alt=\"Cocinero de La Colosal cocinando un plato en una sart\u00e9n en llamas.\" srcset=\"https:\/\/lacolosal.es\/wp-content\/uploads\/2023\/04\/SIN_6800-683x1024.jpg 683w, https:\/\/lacolosal.es\/wp-content\/uploads\/2023\/04\/SIN_6800-200x300.jpg 200w, https:\/\/lacolosal.es\/wp-content\/uploads\/2023\/04\/SIN_6800-768x1151.jpg 768w, https:\/\/lacolosal.es\/wp-content\/uploads\/2023\/04\/SIN_6800-1025x1536.jpg 1025w, https:\/\/lacolosal.es\/wp-content\/uploads\/2023\/04\/SIN_6800-440x659.jpg 440w, https:\/\/lacolosal.es\/wp-content\/uploads\/2023\/04\/SIN_6800-600x899.jpg 600w, https:\/\/lacolosal.es\/wp-content\/uploads\/2023\/04\/SIN_6800.jpg 1089w\" sizes=\"(max-width: 683px) 100vw, 683px\" \/>\t\t\t\t\t\t\t\t\t\t\t\t\t<\/div>\n\t\t\t\t<\/div>\n\t\t\t\t\t<\/div>\n\t\t<\/div>\n\t\t\t\t<div class=\"elementor-column elementor-col-33 elementor-top-column elementor-element elementor-element-8219b7c\" data-id=\"8219b7c\" data-element_type=\"column\" data-settings=\"{&quot;animation&quot;:&quot;none&quot;,&quot;architecturer_ext_is_mobile_menu&quot;:&quot;false&quot;,&quot;architecturer_ext_is_scrollme&quot;:&quot;false&quot;,&quot;architecturer_ext_is_smoove&quot;:&quot;false&quot;,&quot;architecturer_ext_is_parallax_mouse&quot;:&quot;false&quot;,&quot;architecturer_ext_is_infinite&quot;:&quot;false&quot;,&quot;architecturer_ext_is_fadeout_animation&quot;:&quot;false&quot;}\">\n\t\t\t<div class=\"elementor-widget-wrap elementor-element-populated\">\n\t\t\t\t\t\t<div class=\"elementor-element elementor-element-36ae349 animated-fast elementor-widget elementor-widget-heading\" data-id=\"36ae349\" data-element_type=\"widget\" data-settings=\"{&quot;_animation&quot;:&quot;none&quot;,&quot;_animation_delay&quot;:200,&quot;architecturer_ext_is_mobile_menu&quot;:&quot;false&quot;,&quot;architecturer_ext_is_scrollme&quot;:&quot;false&quot;,&quot;architecturer_ext_is_smoove&quot;:&quot;false&quot;,&quot;architecturer_ext_is_parallax_mouse&quot;:&quot;false&quot;,&quot;architecturer_ext_is_infinite&quot;:&quot;false&quot;,&quot;architecturer_ext_is_fadeout_animation&quot;:&quot;false&quot;}\" data-widget_type=\"heading.default\">\n\t\t\t\t<div class=\"elementor-widget-container\">\n\t\t\t<h2 class=\"elementor-heading-title elementor-size-default\">Catering<\/h2>\t\t<\/div>\n\t\t\t\t<\/div>\n\t\t\t\t<div class=\"elementor-element elementor-element-8203c26 animated-fast elementor-widget elementor-widget-text-editor\" data-id=\"8203c26\" data-element_type=\"widget\" data-settings=\"{&quot;_animation&quot;:&quot;none&quot;,&quot;_animation_delay&quot;:400,&quot;architecturer_ext_is_mobile_menu&quot;:&quot;false&quot;,&quot;architecturer_ext_is_scrollme&quot;:&quot;false&quot;,&quot;architecturer_ext_is_smoove&quot;:&quot;false&quot;,&quot;architecturer_ext_is_parallax_mouse&quot;:&quot;false&quot;,&quot;architecturer_ext_is_infinite&quot;:&quot;false&quot;,&quot;architecturer_ext_is_fadeout_animation&quot;:&quot;false&quot;}\" data-widget_type=\"text-editor.default\">\n\t\t\t\t<div class=\"elementor-widget-container\">\n\t\t\t\t\t\t\t<p>Vous souhaitez organiser un d\u00eener d&rsquo;entreprise ? Un repas en famille ? Une occasion sp\u00e9ciale ? Gr\u00e2ce \u00e0 notre service de catering, nous vous assurons que votre \u00e9v\u00e9nement sera un succ\u00e8s total. Ap\u00e9ritifs, banquets, cocktails, coffee breaks, brunchs, petits d\u00e9jeuners, buffets, open bar, menus pour groupes&#8230; Nous avons une multitude de possibilit\u00e9s pr\u00e9par\u00e9es pour vous, consultez-les toutes ici :<\/p>\t\t\t\t\t\t<\/div>\n\t\t\t\t<\/div>\n\t\t\t\t<div class=\"elementor-element elementor-element-6f2084e elementor-align-center elementor-widget elementor-widget-button\" data-id=\"6f2084e\" data-element_type=\"widget\" data-settings=\"{&quot;architecturer_ext_is_mobile_menu&quot;:&quot;false&quot;,&quot;architecturer_ext_is_scrollme&quot;:&quot;false&quot;,&quot;architecturer_ext_is_smoove&quot;:&quot;false&quot;,&quot;architecturer_ext_is_parallax_mouse&quot;:&quot;false&quot;,&quot;architecturer_ext_is_infinite&quot;:&quot;false&quot;,&quot;architecturer_ext_is_fadeout_animation&quot;:&quot;false&quot;}\" data-widget_type=\"button.default\">\n\t\t\t\t<div class=\"elementor-widget-container\">\n\t\t\t\t\t<div class=\"elementor-button-wrapper\">\n\t\t\t<a class=\"elementor-button elementor-button-link elementor-size-sm\" href=\"https:\/\/lacolosal.es\/wp-content\/uploads\/2024\/04\/2164-AF-COLOSAL-Catering-PowerPoint-FR.pdf\" target=\"_blank\">\n\t\t\t\t\t\t<span class=\"elementor-button-content-wrapper\">\n\t\t\t\t\t\t<span class=\"elementor-button-text\">Voir notre carte<\/span>\n\t\t<\/span>\n\t\t\t\t\t<\/a>\n\t\t<\/div>\n\t\t\t\t<\/div>\n\t\t\t\t<\/div>\n\t\t\t\t\t<\/div>\n\t\t<\/div>\n\t\t\t\t\t<\/div>\n\t\t<\/section>\n\t\t\t\t<section class=\"elementor-section elementor-top-section elementor-element elementor-element-f58ec6f elementor-section-stretched elementor-section-full_width elementor-section-height-default elementor-section-height-default\" data-id=\"f58ec6f\" data-element_type=\"section\" data-settings=\"{&quot;stretch_section&quot;:&quot;section-stretched&quot;,&quot;background_background&quot;:&quot;classic&quot;,&quot;architecturer_ext_is_background_parallax&quot;:&quot;false&quot;,&quot;architecturer_ext_is_background_on_scroll&quot;:&quot;false&quot;}\">\n\t\t\t\t\t\t\t<div class=\"elementor-background-overlay\"><\/div>\n\t\t\t\t\t\t\t<div class=\"elementor-container elementor-column-gap-default\">\n\t\t\t\t\t<div class=\"elementor-column elementor-col-100 elementor-top-column elementor-element elementor-element-08b6aa6\" data-id=\"08b6aa6\" data-element_type=\"column\" data-settings=\"{&quot;architecturer_ext_is_mobile_menu&quot;:&quot;false&quot;,&quot;architecturer_ext_is_scrollme&quot;:&quot;false&quot;,&quot;architecturer_ext_is_smoove&quot;:&quot;false&quot;,&quot;architecturer_ext_is_parallax_mouse&quot;:&quot;false&quot;,&quot;architecturer_ext_is_infinite&quot;:&quot;false&quot;,&quot;architecturer_ext_is_fadeout_animation&quot;:&quot;false&quot;}\">\n\t\t\t<div class=\"elementor-widget-wrap elementor-element-populated\">\n\t\t\t\t\t\t<div class=\"elementor-element elementor-element-a9a1e4a elementor-widget elementor-widget-architecturer-background-list\" data-id=\"a9a1e4a\" data-element_type=\"widget\" data-settings=\"{&quot;architecturer_ext_is_mobile_menu&quot;:&quot;false&quot;,&quot;architecturer_ext_is_scrollme&quot;:&quot;false&quot;,&quot;architecturer_ext_is_smoove&quot;:&quot;false&quot;,&quot;architecturer_ext_is_parallax_mouse&quot;:&quot;false&quot;,&quot;architecturer_ext_is_infinite&quot;:&quot;false&quot;,&quot;architecturer_ext_is_fadeout_animation&quot;:&quot;false&quot;}\" data-widget_type=\"architecturer-background-list.default\">\n\t\t\t\t<div class=\"elementor-widget-container\">\n\t\t\t<div class=\"tg_background_list_wrapper three_cols\">\n\t\t<div class=\"tg_background_list_column \">\n\t\t\t<div class=\"tg_background_list_content\">\n\t\t\t\t<div class=\"tg_background_list_title\">\n\t\t\t\t\t<h3>\u00c9v\u00e9nements<\/h3>\n\t\t\t\t<\/div>\n\t\t\t\t\n\t\t\t\t<div class=\"tg_background_list_link\">\n\t\t\t\t\t<div class=\"tg_background_list_desc\"><\/div>\n\t\t\t\t\t\t\t\t\t<\/div>\n\t\t\t<\/div>\n\t\t<\/div>\n\t\t<figure class=\"tg_background_img hover\">\n\t\t\t<div class=\"tg_background_list_overlay\"><\/div>\n\t\t\t<img decoding=\"async\" src=\"https:\/\/lacolosal.es\/wp-content\/uploads\/2023\/04\/foto-evento-lacolosal-pangea2.jpg\" alt=\"\" \/>\n\t\t<\/figure>\n\t\t<div class=\"tg_background_list_column \">\n\t\t\t<div class=\"tg_background_list_content\">\n\t\t\t\t<div class=\"tg_background_list_title\">\n\t\t\t\t\t<h3>Ce\u0301le\u0301brations<\/h3>\n\t\t\t\t<\/div>\n\t\t\t\t\n\t\t\t\t<div class=\"tg_background_list_link\">\n\t\t\t\t\t<div class=\"tg_background_list_desc\"><\/div>\n\t\t\t\t\t\t\t\t\t<\/div>\n\t\t\t<\/div>\n\t\t<\/div>\n\t\t<figure class=\"tg_background_img \">\n\t\t\t<div class=\"tg_background_list_overlay\"><\/div>\n\t\t\t<img decoding=\"async\" src=\"https:\/\/lacolosal.es\/wp-content\/uploads\/2023\/04\/MOE_3254.jpg\" alt=\"\" \/>\n\t\t<\/figure>\n\t\t<div class=\"tg_background_list_column last\">\n\t\t\t<div class=\"tg_background_list_content\">\n\t\t\t\t<div class=\"tg_background_list_title\">\n\t\t\t\t\t<h3>\u00c9v\u00e9nements d&#039;entreprise<\/h3>\n\t\t\t\t<\/div>\n\t\t\t\t\n\t\t\t\t<div class=\"tg_background_list_link\">\n\t\t\t\t\t<div class=\"tg_background_list_desc\"><\/div>\n\t\t\t\t\t\t\t\t\t<\/div>\n\t\t\t<\/div>\n\t\t<\/div>\n\t\t<figure class=\"tg_background_img \">\n\t\t\t<div class=\"tg_background_list_overlay\"><\/div>\n\t\t\t<img decoding=\"async\" src=\"https:\/\/lacolosal.es\/wp-content\/uploads\/2023\/04\/la-colosal-mesas-copia-scaled.jpg\" alt=\"\" \/>\n\t\t<\/figure>\n<\/div>\n\t\t<\/div>\n\t\t\t\t<\/div>\n\t\t\t\t\t<\/div>\n\t\t<\/div>\n\t\t\t\t\t<\/div>\n\t\t<\/section>\n\t\t\t\t<\/div>\n\t\t","protected":false},"excerpt":{"rendered":"<p>Catering Vous souhaitez organiser un d\u00eener d&rsquo;entreprise ? Un repas en famille ? Une occasion sp\u00e9ciale ? Gr\u00e2ce \u00e0 notre service de catering, nous vous assurons que votre \u00e9v\u00e9nement sera un succ\u00e8s total. Ap\u00e9ritifs, banquets, cocktails, coffee breaks, brunchs, petits [&hellip;]<\/p>\n","protected":false},"author":2,"featured_media":0,"parent":0,"menu_order":0,"comment_status":"closed","ping_status":"closed","template":"","meta":{"footnotes":""},"yoast_head":"<!-- This site is optimized with the Yoast SEO plugin v22.4 - https:\/\/yoast.com\/wordpress\/plugins\/seo\/ -->\n<title>Catering - La Colosal<\/title>\n<meta name=\"description\" content=\"Souhaitez-vous organiser un repas pour une occasion sp\u00e9ciale ? D\u00e9couvrez les multiples possibilit\u00e9s de notre service de traiteur de qualit\u00e9.\" \/>\n<meta name=\"robots\" content=\"index, follow, max-snippet:-1, max-image-preview:large, max-video-preview:-1\" \/>\n<link rel=\"canonical\" href=\"https:\/\/lacolosal.es\/fr\/catering\/\" \/>\n<meta property=\"og:locale\" content=\"fr_FR\" \/>\n<meta property=\"og:type\" content=\"article\" \/>\n<meta property=\"og:title\" content=\"Catering - La Colosal\" \/>\n<meta property=\"og:description\" content=\"Souhaitez-vous organiser un repas pour une occasion sp\u00e9ciale ? D\u00e9couvrez les multiples possibilit\u00e9s de notre service de traiteur de qualit\u00e9.\" \/>\n<meta property=\"og:url\" content=\"https:\/\/lacolosal.es\/fr\/catering\/\" \/>\n<meta property=\"og:site_name\" content=\"La Colosal\" \/>\n<meta property=\"article:publisher\" content=\"https:\/\/www.facebook.com\/lacolosalrestaurante\/\" \/>\n<meta property=\"article:modified_time\" content=\"2024-04-11T11:41:46+00:00\" \/>\n<meta property=\"og:image\" content=\"https:\/\/lacolosal.es\/wp-content\/uploads\/2023\/04\/SIN_6800-683x1024.jpg\" \/>\n<meta name=\"twitter:card\" content=\"summary_large_image\" \/>\n<meta name=\"twitter:label1\" content=\"Dur\u00e9e de lecture estim\u00e9e\" \/>\n\t<meta name=\"twitter:data1\" content=\"2 minutes\" \/>\n<script type=\"application\/ld+json\" class=\"yoast-schema-graph\">{\"@context\":\"https:\/\/schema.org\",\"@graph\":[{\"@type\":\"WebPage\",\"@id\":\"https:\/\/lacolosal.es\/fr\/catering\/\",\"url\":\"https:\/\/lacolosal.es\/fr\/catering\/\",\"name\":\"Catering - La Colosal\",\"isPartOf\":{\"@id\":\"https:\/\/lacolosal.es\/fr\/#website\"},\"primaryImageOfPage\":{\"@id\":\"https:\/\/lacolosal.es\/fr\/catering\/#primaryimage\"},\"image\":{\"@id\":\"https:\/\/lacolosal.es\/fr\/catering\/#primaryimage\"},\"thumbnailUrl\":\"https:\/\/lacolosal.es\/wp-content\/uploads\/2023\/04\/SIN_6800-683x1024.jpg\",\"datePublished\":\"2020-02-06T10:40:30+00:00\",\"dateModified\":\"2024-04-11T11:41:46+00:00\",\"description\":\"Souhaitez-vous organiser un repas pour une occasion sp\u00e9ciale ? D\u00e9couvrez les multiples possibilit\u00e9s de notre service de traiteur de qualit\u00e9.\",\"breadcrumb\":{\"@id\":\"https:\/\/lacolosal.es\/fr\/catering\/#breadcrumb\"},\"inLanguage\":\"fr-FR\",\"potentialAction\":[{\"@type\":\"ReadAction\",\"target\":[\"https:\/\/lacolosal.es\/fr\/catering\/\"]}]},{\"@type\":\"ImageObject\",\"inLanguage\":\"fr-FR\",\"@id\":\"https:\/\/lacolosal.es\/fr\/catering\/#primaryimage\",\"url\":\"https:\/\/lacolosal.es\/wp-content\/uploads\/2023\/04\/SIN_6800-683x1024.jpg\",\"contentUrl\":\"https:\/\/lacolosal.es\/wp-content\/uploads\/2023\/04\/SIN_6800-683x1024.jpg\"},{\"@type\":\"BreadcrumbList\",\"@id\":\"https:\/\/lacolosal.es\/fr\/catering\/#breadcrumb\",\"itemListElement\":[{\"@type\":\"ListItem\",\"position\":1,\"name\":\"Inicio\",\"item\":\"https:\/\/lacolosal.es\/fr\/\"},{\"@type\":\"ListItem\",\"position\":2,\"name\":\"Catering\"}]},{\"@type\":\"WebSite\",\"@id\":\"https:\/\/lacolosal.es\/fr\/#website\",\"url\":\"https:\/\/lacolosal.es\/fr\/\",\"name\":\"La Colosal\",\"description\":\"La Colosal\",\"publisher\":{\"@id\":\"https:\/\/lacolosal.es\/fr\/#organization\"},\"potentialAction\":[{\"@type\":\"SearchAction\",\"target\":{\"@type\":\"EntryPoint\",\"urlTemplate\":\"https:\/\/lacolosal.es\/fr\/?s={search_term_string}\"},\"query-input\":\"required name=search_term_string\"}],\"inLanguage\":\"fr-FR\"},{\"@type\":\"Organization\",\"@id\":\"https:\/\/lacolosal.es\/fr\/#organization\",\"name\":\"La Colosal\",\"url\":\"https:\/\/lacolosal.es\/fr\/\",\"logo\":{\"@type\":\"ImageObject\",\"inLanguage\":\"fr-FR\",\"@id\":\"https:\/\/lacolosal.es\/fr\/#\/schema\/logo\/image\/\",\"url\":\"https:\/\/lacolosal.es\/wp-content\/uploads\/2023\/04\/logo-colosal-blanco.png\",\"contentUrl\":\"https:\/\/lacolosal.es\/wp-content\/uploads\/2023\/04\/logo-colosal-blanco.png\",\"width\":721,\"height\":132,\"caption\":\"La Colosal\"},\"image\":{\"@id\":\"https:\/\/lacolosal.es\/fr\/#\/schema\/logo\/image\/\"},\"sameAs\":[\"https:\/\/www.facebook.com\/lacolosalrestaurante\/\",\"https:\/\/www.instagram.com\/lacolosalrestaurante\/\"]}]}<\/script>\n<!-- \/ Yoast SEO plugin. -->","yoast_head_json":{"title":"Catering - La Colosal","description":"Souhaitez-vous organiser un repas pour une occasion sp\u00e9ciale ? D\u00e9couvrez les multiples possibilit\u00e9s de notre service de traiteur de qualit\u00e9.","robots":{"index":"index","follow":"follow","max-snippet":"max-snippet:-1","max-image-preview":"max-image-preview:large","max-video-preview":"max-video-preview:-1"},"canonical":"https:\/\/lacolosal.es\/fr\/catering\/","og_locale":"fr_FR","og_type":"article","og_title":"Catering - La Colosal","og_description":"Souhaitez-vous organiser un repas pour une occasion sp\u00e9ciale ? D\u00e9couvrez les multiples possibilit\u00e9s de notre service de traiteur de qualit\u00e9.","og_url":"https:\/\/lacolosal.es\/fr\/catering\/","og_site_name":"La Colosal","article_publisher":"https:\/\/www.facebook.com\/lacolosalrestaurante\/","article_modified_time":"2024-04-11T11:41:46+00:00","og_image":[{"url":"https:\/\/lacolosal.es\/wp-content\/uploads\/2023\/04\/SIN_6800-683x1024.jpg"}],"twitter_card":"summary_large_image","twitter_misc":{"Dur\u00e9e de lecture estim\u00e9e":"2 minutes"},"schema":{"@context":"https:\/\/schema.org","@graph":[{"@type":"WebPage","@id":"https:\/\/lacolosal.es\/fr\/catering\/","url":"https:\/\/lacolosal.es\/fr\/catering\/","name":"Catering - La Colosal","isPartOf":{"@id":"https:\/\/lacolosal.es\/fr\/#website"},"primaryImageOfPage":{"@id":"https:\/\/lacolosal.es\/fr\/catering\/#primaryimage"},"image":{"@id":"https:\/\/lacolosal.es\/fr\/catering\/#primaryimage"},"thumbnailUrl":"https:\/\/lacolosal.es\/wp-content\/uploads\/2023\/04\/SIN_6800-683x1024.jpg","datePublished":"2020-02-06T10:40:30+00:00","dateModified":"2024-04-11T11:41:46+00:00","description":"Souhaitez-vous organiser un repas pour une occasion sp\u00e9ciale ? D\u00e9couvrez les multiples possibilit\u00e9s de notre service de traiteur de qualit\u00e9.","breadcrumb":{"@id":"https:\/\/lacolosal.es\/fr\/catering\/#breadcrumb"},"inLanguage":"fr-FR","potentialAction":[{"@type":"ReadAction","target":["https:\/\/lacolosal.es\/fr\/catering\/"]}]},{"@type":"ImageObject","inLanguage":"fr-FR","@id":"https:\/\/lacolosal.es\/fr\/catering\/#primaryimage","url":"https:\/\/lacolosal.es\/wp-content\/uploads\/2023\/04\/SIN_6800-683x1024.jpg","contentUrl":"https:\/\/lacolosal.es\/wp-content\/uploads\/2023\/04\/SIN_6800-683x1024.jpg"},{"@type":"BreadcrumbList","@id":"https:\/\/lacolosal.es\/fr\/catering\/#breadcrumb","itemListElement":[{"@type":"ListItem","position":1,"name":"Inicio","item":"https:\/\/lacolosal.es\/fr\/"},{"@type":"ListItem","position":2,"name":"Catering"}]},{"@type":"WebSite","@id":"https:\/\/lacolosal.es\/fr\/#website","url":"https:\/\/lacolosal.es\/fr\/","name":"La Colosal","description":"La Colosal","publisher":{"@id":"https:\/\/lacolosal.es\/fr\/#organization"},"potentialAction":[{"@type":"SearchAction","target":{"@type":"EntryPoint","urlTemplate":"https:\/\/lacolosal.es\/fr\/?s={search_term_string}"},"query-input":"required name=search_term_string"}],"inLanguage":"fr-FR"},{"@type":"Organization","@id":"https:\/\/lacolosal.es\/fr\/#organization","name":"La Colosal","url":"https:\/\/lacolosal.es\/fr\/","logo":{"@type":"ImageObject","inLanguage":"fr-FR","@id":"https:\/\/lacolosal.es\/fr\/#\/schema\/logo\/image\/","url":"https:\/\/lacolosal.es\/wp-content\/uploads\/2023\/04\/logo-colosal-blanco.png","contentUrl":"https:\/\/lacolosal.es\/wp-content\/uploads\/2023\/04\/logo-colosal-blanco.png","width":721,"height":132,"caption":"La Colosal"},"image":{"@id":"https:\/\/lacolosal.es\/fr\/#\/schema\/logo\/image\/"},"sameAs":["https:\/\/www.facebook.com\/lacolosalrestaurante\/","https:\/\/www.instagram.com\/lacolosalrestaurante\/"]}]}},"_links":{"self":[{"href":"https:\/\/lacolosal.es\/fr\/wp-json\/wp\/v2\/pages\/12417"}],"collection":[{"href":"https:\/\/lacolosal.es\/fr\/wp-json\/wp\/v2\/pages"}],"about":[{"href":"https:\/\/lacolosal.es\/fr\/wp-json\/wp\/v2\/types\/page"}],"author":[{"embeddable":true,"href":"https:\/\/lacolosal.es\/fr\/wp-json\/wp\/v2\/users\/2"}],"replies":[{"embeddable":true,"href":"https:\/\/lacolosal.es\/fr\/wp-json\/wp\/v2\/comments?post=12417"}],"version-history":[{"count":25,"href":"https:\/\/lacolosal.es\/fr\/wp-json\/wp\/v2\/pages\/12417\/revisions"}],"predecessor-version":[{"id":13358,"href":"https:\/\/lacolosal.es\/fr\/wp-json\/wp\/v2\/pages\/12417\/revisions\/13358"}],"wp:attachment":[{"href":"https:\/\/lacolosal.es\/fr\/wp-json\/wp\/v2\/media?parent=12417"}],"curies":[{"name":"wp","href":"https:\/\/api.w.org\/{rel}","templated":true}]}}