{"id":12903,"date":"2024-03-28T10:31:47","date_gmt":"2024-03-28T09:31:47","guid":{"rendered":"https:\/\/lacolosal.es\/politica-de-cookies\/"},"modified":"2024-04-03T15:14:48","modified_gmt":"2024-04-03T13:14:48","slug":"politica-de-cookies","status":"publish","type":"page","link":"https:\/\/lacolosal.es\/ca\/politica-de-cookies\/","title":{"rendered":"Pol\u00edtica de cookies"},"content":{"rendered":"\t\t<div data-elementor-type=\"wp-page\" data-elementor-id=\"12903\" class=\"elementor elementor-12903 elementor-12897\" data-elementor-post-type=\"page\">\n\t\t\t\t\t\t<section class=\"elementor-section elementor-top-section elementor-element elementor-element-1e71091 elementor-section-stretched elementor-section-height-min-height elementor-section-items-bottom elementor-section-content-bottom elementor-section-boxed elementor-section-height-default\" data-id=\"1e71091\" data-element_type=\"section\" data-settings=\"{&quot;stretch_section&quot;:&quot;section-stretched&quot;,&quot;background_background&quot;:&quot;classic&quot;,&quot;architecturer_ext_is_background_parallax&quot;:&quot;false&quot;,&quot;architecturer_ext_is_background_on_scroll&quot;:&quot;false&quot;}\">\n\t\t\t\t\t\t\t<div class=\"elementor-background-overlay\"><\/div>\n\t\t\t\t\t\t\t<div class=\"elementor-container elementor-column-gap-default\">\n\t\t\t\t\t<div class=\"elementor-column elementor-col-100 elementor-top-column elementor-element elementor-element-3830937\" data-id=\"3830937\" data-element_type=\"column\" data-settings=\"{&quot;architecturer_ext_is_mobile_menu&quot;:&quot;false&quot;,&quot;architecturer_ext_is_scrollme&quot;:&quot;false&quot;,&quot;architecturer_ext_is_smoove&quot;:&quot;false&quot;,&quot;architecturer_ext_is_parallax_mouse&quot;:&quot;false&quot;,&quot;architecturer_ext_is_infinite&quot;:&quot;false&quot;,&quot;architecturer_ext_is_fadeout_animation&quot;:&quot;false&quot;}\">\n\t\t\t<div class=\"elementor-widget-wrap\">\n\t\t\t\t\t\t\t<\/div>\n\t\t<\/div>\n\t\t\t\t\t<\/div>\n\t\t<\/section>\n\t\t\t\t<section class=\"elementor-section elementor-top-section elementor-element elementor-element-2d31e7b elementor-section-boxed elementor-section-height-default elementor-section-height-default\" data-id=\"2d31e7b\" data-element_type=\"section\" data-settings=\"{&quot;architecturer_ext_is_background_parallax&quot;:&quot;false&quot;,&quot;architecturer_ext_is_background_on_scroll&quot;:&quot;false&quot;}\">\n\t\t\t\t\t\t<div class=\"elementor-container elementor-column-gap-default\">\n\t\t\t\t\t<div class=\"elementor-column elementor-col-100 elementor-top-column elementor-element elementor-element-de82ee5\" data-id=\"de82ee5\" data-element_type=\"column\" data-settings=\"{&quot;architecturer_ext_is_mobile_menu&quot;:&quot;false&quot;,&quot;architecturer_ext_is_scrollme&quot;:&quot;false&quot;,&quot;architecturer_ext_is_smoove&quot;:&quot;false&quot;,&quot;architecturer_ext_is_parallax_mouse&quot;:&quot;false&quot;,&quot;architecturer_ext_is_infinite&quot;:&quot;false&quot;,&quot;architecturer_ext_is_fadeout_animation&quot;:&quot;false&quot;}\">\n\t\t\t<div class=\"elementor-widget-wrap elementor-element-populated\">\n\t\t\t\t\t\t<div class=\"elementor-element elementor-element-3b22819 elementor-widget elementor-widget-heading\" data-id=\"3b22819\" data-element_type=\"widget\" data-settings=\"{&quot;architecturer_ext_is_mobile_menu&quot;:&quot;false&quot;,&quot;architecturer_ext_is_scrollme&quot;:&quot;false&quot;,&quot;architecturer_ext_is_smoove&quot;:&quot;false&quot;,&quot;architecturer_ext_is_parallax_mouse&quot;:&quot;false&quot;,&quot;architecturer_ext_is_infinite&quot;:&quot;false&quot;,&quot;architecturer_ext_is_fadeout_animation&quot;:&quot;false&quot;}\" data-widget_type=\"heading.default\">\n\t\t\t\t<div class=\"elementor-widget-container\">\n\t\t\t<h2 class=\"elementor-heading-title elementor-size-default\">Pol\u00edtica de cookies<\/h2>\t\t<\/div>\n\t\t\t\t<\/div>\n\t\t\t\t\t<\/div>\n\t\t<\/div>\n\t\t\t\t\t<\/div>\n\t\t<\/section>\n\t\t\t\t<section class=\"elementor-section elementor-top-section elementor-element elementor-element-63774af elementor-section-boxed elementor-section-height-default elementor-section-height-default\" data-id=\"63774af\" data-element_type=\"section\" data-settings=\"{&quot;architecturer_ext_is_background_parallax&quot;:&quot;false&quot;,&quot;architecturer_ext_is_background_on_scroll&quot;:&quot;false&quot;}\">\n\t\t\t\t\t\t<div class=\"elementor-container elementor-column-gap-default\">\n\t\t\t\t\t<div class=\"elementor-column elementor-col-100 elementor-top-column elementor-element elementor-element-0c12088\" data-id=\"0c12088\" data-element_type=\"column\" data-settings=\"{&quot;architecturer_ext_is_mobile_menu&quot;:&quot;false&quot;,&quot;architecturer_ext_is_scrollme&quot;:&quot;false&quot;,&quot;architecturer_ext_is_smoove&quot;:&quot;false&quot;,&quot;architecturer_ext_is_parallax_mouse&quot;:&quot;false&quot;,&quot;architecturer_ext_is_infinite&quot;:&quot;false&quot;,&quot;architecturer_ext_is_fadeout_animation&quot;:&quot;false&quot;}\">\n\t\t\t<div class=\"elementor-widget-wrap elementor-element-populated\">\n\t\t\t\t\t\t<div class=\"elementor-element elementor-element-b73ebf0 elementor-widget elementor-widget-text-editor\" data-id=\"b73ebf0\" data-element_type=\"widget\" data-settings=\"{&quot;architecturer_ext_is_mobile_menu&quot;:&quot;false&quot;,&quot;architecturer_ext_is_scrollme&quot;:&quot;false&quot;,&quot;architecturer_ext_is_smoove&quot;:&quot;false&quot;,&quot;architecturer_ext_is_parallax_mouse&quot;:&quot;false&quot;,&quot;architecturer_ext_is_infinite&quot;:&quot;false&quot;,&quot;architecturer_ext_is_fadeout_animation&quot;:&quot;false&quot;}\" data-widget_type=\"text-editor.default\">\n\t\t\t\t<div class=\"elementor-widget-container\">\n\t\t\t\t\t\t\t<p>QU\u00c8 \u00c9S UNA COOKIE?<\/p><p>Una\u00a0cookie\u00a0\u00e9s un fitxer que es descarrega en el seu ordinador en accedir a determinades p\u00e0gines web. Les cookies permeten a una p\u00e0gina web, entre altres coses, emmagatzemar i recuperar informaci\u00f3 sobre els h\u00e0bits de navegaci\u00f3 d\u2019un usuari o del seu equip i, depenent de la informaci\u00f3 que continguin i de la forma en qu\u00e8 s\u2019utilitzi el seu equip, poden servir per a recon\u00e8ixer-lo.<\/p><p>No obstant aix\u00f2, aquests mitjans nom\u00e9s obtenen informaci\u00f3 relacionada amb el nombre de p\u00e0gines visites, la ciutat a la qual est\u00e0 assignada l\u2019adre\u00e7a IP des de la qual s\u2019accedeix, el nombre de nous usuaris, la freq\u00fc\u00e8ncia i reincid\u00e8ncia de les visites, el temps de visita, el navegador o l\u2019operador o tipus de terminal des del qual es realitza la visita. En cap cas s\u2019obtenen dades sobre el nom, cognoms, adre\u00e7a postal o altres dades an\u00e0logues de l\u2019usuari que s\u2019ha connectat.<\/p><p>QUIN TIPUS DE COOKIES EXISTEIXEN?<\/p><p>Les cookies poden ser pr\u00f2pies o de tercers. Les pr\u00f2pies s\u00f3n aquelles que s\u2019envien a l\u2019equip terminal de l\u2019usuari des d\u2019un equip o domini gestionat pel propi editor de la web des del qual es presta el servei sol\u00b7licitat per l\u2019usuari. Les cookies de tercers s\u00f3n aquelles que s\u2019envien a l\u2019equip terminal de l\u2019usuari des d\u2019un equip o domini que no \u00e9s gestionat per l\u2019editor, sin\u00f3 per una altra entitat que tracta les dades obtingudes trav\u00e9s de les cookies.<br \/><br \/>A m\u00e9s, les cookies poden ser de sessi\u00f3 o persistents. Les primeres s\u00f3n un tipus de cookies dissenyades per a recaptar i emmagatzemar dades mentre l\u2019usuari accedeix a una p\u00e0gina web. Les persistents s\u00f3n un tipus de cookies que fa que les dades segueixin emmagatzemats en el terminal i puguin ser accedits i tractats durant un per\u00edode definit pel responsable de la\u00a0cookie, que pot anar d\u2019uns minuts a diversos anys.<\/p><p>QUI \u00c9S EL RESPONSABLE DEL TRACTAMENT DE LES COOKIES EN AQUESTA P\u00c0GINA WEB?<\/p><p>El titular de la web i responsable del tractament de les cookies aqu\u00ed utilitzades, aix\u00ed com les seves dades de contacte, s\u00f3n accessibles en l\u2019Av\u00eds legal d\u2019aquesta p\u00e0gina. Aix\u00ed mateix, poden existir cookies de tercers diferents del titular d\u2019aquesta web, com s\u2019explica m\u00e9s a baix.<\/p><p>QUINES S\u00d3N LES COOKIES QUE UTILITZA AQUESTA WEB I PER A QU\u00c8 S\u2019UTILITZEN?<\/p><p>Cookies pr\u00f2pies<\/p><p>Tenen per finalitat identificar a l\u2019usuari en la pantalla amb el seu\u00a0nick, identificar a l\u2019usuari com a subscriptor o no, registrar l\u2019acceptaci\u00f3 de la Pol\u00edtica de cookies, el guardat i recordatori de contrasenya i el desat de filtres establerts per a les cerques i, en general, proporcionar informaci\u00f3 personalitzada segons les prefer\u00e8ncies manifestades per l\u2019usuari.<\/p><p>Cookies de tercers<\/p><ul><li><strong>Cookies d\u2019an\u00e0lisis:<\/strong>\u00a0s\u00f3n aquelles que, o b\u00e9 tractades per nosaltres o per tercers, ens permeten quantificar el nombre d\u2019usuaris i examinar la seva navegaci\u00f3, podent aix\u00ed realitzar el mesurament i an\u00e0lisi estad\u00edstica de la utilitzaci\u00f3 que fan els usuaris. Per a aix\u00f2 s\u2019analitza la seva navegaci\u00f3 en la nostra p\u00e0gina web amb la finalitat de millorar els continguts de la mateixa i prestar un millor servei a trav\u00e9s d\u2019ella.<\/li><li><strong>Cookies publicit\u00e0ries:\u00a0<\/strong>s\u00f3n\u00a0aquelles que permeten la gesti\u00f3 de la forma m\u00e9s efica\u00e7 possible dels espais publicitaris que, si escau, l\u2019editor hagi incl\u00f2s en una p\u00e0gina web, aplicaci\u00f3 o plataforma des de la qual presta el servei sol\u00b7licitat sobre la base de criteris com el contingut editat o la freq\u00fc\u00e8ncia en la qual es mostren els anuncis.<\/li><li><strong>Cookies de personalitzaci\u00f3:<\/strong>\u00a0permeten oferir una experi\u00e8ncia m\u00e9s personalitzada dels continguts d\u2019aquesta web, mostrar continguts rellevants per a l\u2019usuari i enviar-li els missatges o alertes que sol\u00b7liciti.<\/li><li><strong>Cookies de xarxes socials:<\/strong>\u00a0s\u00f3n aquelles que faciliten i monitoren la connexi\u00f3 i la publicaci\u00f3 de continguts entre aquesta web i les xarxes socials.<\/li><\/ul><p>Les aplicacions que utilitzen aquests tercers s\u00f3n les seg\u00fcents:<\/p><ul><li>Per a les cookies d\u2019an\u00e0lisis,\u00a0Google Analytics, pertanyent a Google (<a href=\"https:\/\/developers.google.com\/analytics\/devguides\/collection\/analyticsjs\/cookie-usage\">https:\/\/developers.google.com\/analytics\/devguides\/collection\/analyticsjs\/cookie-usage<\/a>).<\/li><li>Per a les cookies publicit\u00e0ries, DoubleClick, pertanyent a Google<br \/>(<a href=\"https:\/\/support.google.com\/adsense\/answer\/7549925?hl=es\">https:\/\/support.google.com\/adsense\/answer\/7549925?hl=es<\/a>).<\/li><li>Per a les cookies de xarxes socials:<ul><li>Google+ Platform, pertanyent a Google<br \/>(<a href=\"https:\/\/developers.google.com\/+\/web\/buttons-policy?hl=es\">https:\/\/developers.google.com\/+\/web\/buttons-policy?hl=es<\/a>).<\/li><li>Facebook Social Plugins, pertanyent a Facebook<br \/>(<a href=\"https:\/\/www.facebook.com\/policies\/cookies\/\">https:\/\/www.facebook.com\/policies\/cookies\/<\/a>).<\/li><li>Twitter Button, pertanyent a Twitter<br \/>(<a href=\"https:\/\/support.twitter.com\/articles\/20170521-el-uso-que-hace-twitter-de-cookies-y-tecnologias-similares\">https:\/\/support.twitter.com\/articles\/20170521-el-uso-que-hace-twitter-de-cookies-y-tecnologias-similares<\/a>).<\/li><\/ul><\/li><\/ul><p>DURANT QUANT TEMPS ES GUARDEN LES COOKIES?<\/p><p>Les cookies pr\u00f2pies s\u2019eliminen autom\u00e0ticament en finalitzar la sessi\u00f3 de l\u2019usuari.<br \/><br \/>Respecte a les cookies de tercers:<\/p><ul><li>__utma:\u00a0caduca als dos anys des de l\u2019\u00faltima actualitzaci\u00f3. Genera un ANEU d\u2019usuari \u00fanic i registra la data, la primera i l\u2019\u00faltima vegada que l\u2019usuari va visitar la web.<\/li><li>__utmb:\u00a0caduca als 30 minuts de l\u2019\u00faltima actualitzaci\u00f3. Registra l\u2019hora d\u2019arribada a la p\u00e0gina. S\u2019elimina autom\u00e0ticament en canviar de web o en tancar el navegador.<\/li><li>__utmz:\u00a0caduca als sis mesos. Emmagatzema l\u2019origen del visitant, el cam\u00ed que ha seguit per a accedir a la web, ja sigui acc\u00e9s directe, des d\u2019un enlla\u00e7 en una altra web, des d\u2019un enlla\u00e7 de correu electr\u00f2nic, emprant determinades paraules clau en un motor de cerca, a trav\u00e9s d\u2019una campanya de display o per mitj\u00e0 d\u2019un anunci d\u2019AdWords. La\u00a0cookie\u00a0s\u2019actualitza en cada visita a la web.<\/li><\/ul><p>QUINA \u00c9S LA LEGITIMACI\u00d3 PER A L\u2019\u00daS DE LES COOKIES?<\/p><p>En el cas de les cookies t\u00e8cniques, \u00e9s a dir, aquelles que resulten imprescindibles per a navegar per aquesta web i rebre el servei ofert a trav\u00e9s d\u2019ella, la base legal del seu \u00fas \u00e9s l\u2019acord a trav\u00e9s del qual l\u2019usuari decideix visitar aquesta p\u00e0gina web i utilitzar els seus serveis.<br \/><br \/>La base legal de l\u2019\u00fas de la resta de cookies \u00e9s el consentiment de l\u2019usuari, que se li sol\u00b7licita en el moment d\u2019accedir a aquesta web, podent revocar-lo en qualsevol moment. La retirada d\u2019aquest consentiment no afectar\u00e0 la possibilitat de navegar per aquesta web i utilitzar els seus serveis, per\u00f2 els tractaments de dades efectuades amb anterioritat no perdran la seva licitud pel fet que el consentiment s\u2019hagi revocat.<\/p><p>A QUINS DESTINATARIS ES COMUNICARAN LES\u00a0COOKIES\u00a0O QUI PODRAN ACCEDIR A ELLES?<\/p><p>Quan existeixin\u00a0cookies\u00a0de tercers, conforme a l\u2019indicat m\u00e9s amunt, dites terceres podran accedir a les\u00a0cookies\u00a0i utilitzar-les en la forma abans descrita.<\/p><p>QUINS S\u00d3N ELS TEUS DRETS EN RELACI\u00d3 AMB L\u2019\u00daS DE\u00a0COOKIES\u00a0PER AQUESTA WEB?<\/p><p>Segons disposa la normativa vigent, qualsevol persona t\u00e9 dret a obtenir confirmaci\u00f3 sobre si s\u2019estan tractant dades personals que el concerneixin o no. Aix\u00ed mateix, en les condicions legalment previstes, les persones interessades tenen dret a accedir a les seves dades, aix\u00ed com a sol\u00b7licitar la rectificaci\u00f3 de les dades inexactes o, si escau, a sol\u00b7licitar la seva supressi\u00f3 quan, entre altres motius, les dades ja no siguin necessaris per als fins per als quals van ser recollits. En el cas de les\u00a0cookies\u00a0aquests drets poden exercir-se amb subjecci\u00f3 a les limitacions derivades de la naturalesa d\u2019aquests fitxers.<br \/><br \/>En les condicions previstes en el Reglament General de Protecci\u00f3 de Dades, els interessats podran sol\u00b7licitar la limitaci\u00f3 del tractament de les seves dades o la seva portabilitat, i en aquest cas \u00fanicament els conservarem per a l\u2019exercici o la defensa de reclamacions.<\/p><p>En determinades circumst\u00e0ncies i per motius relacionats amb la seva situaci\u00f3 particular, els interessats podran oposar-se al tractament de les seves dades. Si has atorgat el consentiment per a alguna finalitat espec\u00edfica, tens dret a retirar-lo en qualsevol moment, sense que aix\u00f2 afecti la licitud del tractament basat en el consentiment previ a la seva retirada. En aquests sup\u00f2sits deixarem de tractar les dades o, en el seu cas, deixarem de fer-ho per a aquesta finalitat en concret, excepte per motius leg\u00edtims imperiosos o per a l\u2019exercici o la defensa de possibles reclamacions.<br \/><br \/>Enfront de qualsevol vulneraci\u00f3 dels teus drets, especialment quan no hagis obtingut satisfacci\u00f3 en el seu exercici, pots presentar una reclamaci\u00f3 davant l\u2019Ag\u00e8ncia Espanyola de Protecci\u00f3 de Dades (dades de contacte accessibles en www.agpd.es) o una altra autoritat de control competent.<br \/><br \/>Tamb\u00e9 pots obtenir m\u00e9s informaci\u00f3 sobre els drets que t\u2019assisteixen dirigint-te a aquests organismes.<\/p><p>COM PUC GESTIONAR LES COOKIES?<\/p><p>Pots permetre, bloquejar o eliminar les cookies instal\u00b7lades en el teu equip mitjan\u00e7ant la configuraci\u00f3 de les opcions del teu navegador. Pots trobar informaci\u00f3 sobre com fer-ho, en relaci\u00f3 amb els navegadors m\u00e9s comuns, en els seg\u00fcents enlla\u00e7os:<\/p><ul><li>Internet Explorer:\u00a0<a href=\"https:\/\/support.microsoft.com\/es-es\/help\/17442\/windows-internet-explorer-delete-manage-cookies\">https:\/\/support.microsoft.com\/es-es\/help\/17442\/windows-internet-explorer-delete-manage-cookies<\/a><\/li><li>Firefox:\u00a0<a href=\"https:\/\/support.mozilla.org\/es\/kb\/habilitar-y-deshabilitar-cookies-que-los-sitios-we\">https:\/\/support.mozilla.org\/es\/kb\/habilitar-y-deshabilitar-cookies-que-los-sitios-we<\/a><\/li><li>Chrome:\u00a0<a href=\"http:\/\/support.google.com\/chrome\/bin\/answer.py?hl=es&amp;answer=95647\">http:\/\/support.google.com\/chrome\/bin\/answer.py?hl=es&amp;answer=95647<\/a><\/li><li>Safari:\u00a0<a href=\"https:\/\/support.apple.com\/es-es\/guide\/safari\/sfri11471\/mac\">https:\/\/support.apple.com\/es-es\/guide\/safari\/sfri11471\/mac<\/a><\/li><\/ul><p>\u00a0<\/p>\t\t\t\t\t\t<\/div>\n\t\t\t\t<\/div>\n\t\t\t\t\t<\/div>\n\t\t<\/div>\n\t\t\t\t\t<\/div>\n\t\t<\/section>\n\t\t\t\t<\/div>\n\t\t","protected":false},"excerpt":{"rendered":"<p>Pol\u00edtica de cookies QU\u00c8 \u00c9S UNA COOKIE? Una\u00a0cookie\u00a0\u00e9s un fitxer que es descarrega en el seu ordinador en accedir a determinades p\u00e0gines web. Les cookies permeten a una p\u00e0gina web, entre altres coses, emmagatzemar i recuperar informaci\u00f3 sobre els h\u00e0bits [&hellip;]<\/p>\n","protected":false},"author":2,"featured_media":0,"parent":0,"menu_order":0,"comment_status":"closed","ping_status":"closed","template":"","meta":{"footnotes":""},"yoast_head":"<!-- This site is optimized with the Yoast SEO plugin v22.4 - https:\/\/yoast.com\/wordpress\/plugins\/seo\/ -->\n<title>Pol\u00edtica de cookies - La Colosal<\/title>\n<meta name=\"robots\" content=\"index, follow, max-snippet:-1, max-image-preview:large, max-video-preview:-1\" \/>\n<link rel=\"canonical\" href=\"https:\/\/lacolosal.es\/ca\/politica-de-cookies\/\" \/>\n<meta property=\"og:locale\" content=\"ca_ES\" \/>\n<meta property=\"og:type\" content=\"article\" \/>\n<meta property=\"og:title\" content=\"Pol\u00edtica de cookies - La Colosal\" \/>\n<meta property=\"og:description\" content=\"Pol\u00edtica de cookies QU\u00c8 \u00c9S UNA COOKIE? Una\u00a0cookie\u00a0\u00e9s un fitxer que es descarrega en el seu ordinador en accedir a determinades p\u00e0gines web. Les cookies permeten a una p\u00e0gina web, entre altres coses, emmagatzemar i recuperar informaci\u00f3 sobre els h\u00e0bits [&hellip;]\" \/>\n<meta property=\"og:url\" content=\"https:\/\/lacolosal.es\/ca\/politica-de-cookies\/\" \/>\n<meta property=\"og:site_name\" content=\"La Colosal\" \/>\n<meta property=\"article:publisher\" content=\"https:\/\/www.facebook.com\/lacolosalrestaurante\/\" \/>\n<meta property=\"article:modified_time\" content=\"2024-04-03T13:14:48+00:00\" \/>\n<meta name=\"twitter:card\" content=\"summary_large_image\" \/>\n<meta name=\"twitter:label1\" content=\"Temps estimat de lectura\" \/>\n\t<meta name=\"twitter:data1\" content=\"8 minuts\" \/>\n<script type=\"application\/ld+json\" class=\"yoast-schema-graph\">{\"@context\":\"https:\/\/schema.org\",\"@graph\":[{\"@type\":\"WebPage\",\"@id\":\"https:\/\/lacolosal.es\/ca\/politica-de-cookies\/\",\"url\":\"https:\/\/lacolosal.es\/ca\/politica-de-cookies\/\",\"name\":\"Pol\u00edtica de cookies - La Colosal\",\"isPartOf\":{\"@id\":\"https:\/\/lacolosal.es\/ca\/#website\"},\"datePublished\":\"2024-03-28T09:31:47+00:00\",\"dateModified\":\"2024-04-03T13:14:48+00:00\",\"breadcrumb\":{\"@id\":\"https:\/\/lacolosal.es\/ca\/politica-de-cookies\/#breadcrumb\"},\"inLanguage\":\"ca\",\"potentialAction\":[{\"@type\":\"ReadAction\",\"target\":[\"https:\/\/lacolosal.es\/ca\/politica-de-cookies\/\"]}]},{\"@type\":\"BreadcrumbList\",\"@id\":\"https:\/\/lacolosal.es\/ca\/politica-de-cookies\/#breadcrumb\",\"itemListElement\":[{\"@type\":\"ListItem\",\"position\":1,\"name\":\"Inicio\",\"item\":\"https:\/\/lacolosal.es\/ca\/\"},{\"@type\":\"ListItem\",\"position\":2,\"name\":\"Pol\u00edtica de cookies\"}]},{\"@type\":\"WebSite\",\"@id\":\"https:\/\/lacolosal.es\/ca\/#website\",\"url\":\"https:\/\/lacolosal.es\/ca\/\",\"name\":\"La Colosal\",\"description\":\"La Colosal\",\"publisher\":{\"@id\":\"https:\/\/lacolosal.es\/ca\/#organization\"},\"potentialAction\":[{\"@type\":\"SearchAction\",\"target\":{\"@type\":\"EntryPoint\",\"urlTemplate\":\"https:\/\/lacolosal.es\/ca\/?s={search_term_string}\"},\"query-input\":\"required name=search_term_string\"}],\"inLanguage\":\"ca\"},{\"@type\":\"Organization\",\"@id\":\"https:\/\/lacolosal.es\/ca\/#organization\",\"name\":\"La Colosal\",\"url\":\"https:\/\/lacolosal.es\/ca\/\",\"logo\":{\"@type\":\"ImageObject\",\"inLanguage\":\"ca\",\"@id\":\"https:\/\/lacolosal.es\/ca\/#\/schema\/logo\/image\/\",\"url\":\"https:\/\/lacolosal.es\/wp-content\/uploads\/2023\/04\/logo-colosal-blanco.png\",\"contentUrl\":\"https:\/\/lacolosal.es\/wp-content\/uploads\/2023\/04\/logo-colosal-blanco.png\",\"width\":721,\"height\":132,\"caption\":\"La Colosal\"},\"image\":{\"@id\":\"https:\/\/lacolosal.es\/ca\/#\/schema\/logo\/image\/\"},\"sameAs\":[\"https:\/\/www.facebook.com\/lacolosalrestaurante\/\",\"https:\/\/www.instagram.com\/lacolosalrestaurante\/\"]}]}<\/script>\n<!-- \/ Yoast SEO plugin. -->","yoast_head_json":{"title":"Pol\u00edtica de cookies - La Colosal","robots":{"index":"index","follow":"follow","max-snippet":"max-snippet:-1","max-image-preview":"max-image-preview:large","max-video-preview":"max-video-preview:-1"},"canonical":"https:\/\/lacolosal.es\/ca\/politica-de-cookies\/","og_locale":"ca_ES","og_type":"article","og_title":"Pol\u00edtica de cookies - La Colosal","og_description":"Pol\u00edtica de cookies QU\u00c8 \u00c9S UNA COOKIE? Una\u00a0cookie\u00a0\u00e9s un fitxer que es descarrega en el seu ordinador en accedir a determinades p\u00e0gines web. Les cookies permeten a una p\u00e0gina web, entre altres coses, emmagatzemar i recuperar informaci\u00f3 sobre els h\u00e0bits [&hellip;]","og_url":"https:\/\/lacolosal.es\/ca\/politica-de-cookies\/","og_site_name":"La Colosal","article_publisher":"https:\/\/www.facebook.com\/lacolosalrestaurante\/","article_modified_time":"2024-04-03T13:14:48+00:00","twitter_card":"summary_large_image","twitter_misc":{"Temps estimat de lectura":"8 minuts"},"schema":{"@context":"https:\/\/schema.org","@graph":[{"@type":"WebPage","@id":"https:\/\/lacolosal.es\/ca\/politica-de-cookies\/","url":"https:\/\/lacolosal.es\/ca\/politica-de-cookies\/","name":"Pol\u00edtica de cookies - La Colosal","isPartOf":{"@id":"https:\/\/lacolosal.es\/ca\/#website"},"datePublished":"2024-03-28T09:31:47+00:00","dateModified":"2024-04-03T13:14:48+00:00","breadcrumb":{"@id":"https:\/\/lacolosal.es\/ca\/politica-de-cookies\/#breadcrumb"},"inLanguage":"ca","potentialAction":[{"@type":"ReadAction","target":["https:\/\/lacolosal.es\/ca\/politica-de-cookies\/"]}]},{"@type":"BreadcrumbList","@id":"https:\/\/lacolosal.es\/ca\/politica-de-cookies\/#breadcrumb","itemListElement":[{"@type":"ListItem","position":1,"name":"Inicio","item":"https:\/\/lacolosal.es\/ca\/"},{"@type":"ListItem","position":2,"name":"Pol\u00edtica de cookies"}]},{"@type":"WebSite","@id":"https:\/\/lacolosal.es\/ca\/#website","url":"https:\/\/lacolosal.es\/ca\/","name":"La Colosal","description":"La Colosal","publisher":{"@id":"https:\/\/lacolosal.es\/ca\/#organization"},"potentialAction":[{"@type":"SearchAction","target":{"@type":"EntryPoint","urlTemplate":"https:\/\/lacolosal.es\/ca\/?s={search_term_string}"},"query-input":"required name=search_term_string"}],"inLanguage":"ca"},{"@type":"Organization","@id":"https:\/\/lacolosal.es\/ca\/#organization","name":"La Colosal","url":"https:\/\/lacolosal.es\/ca\/","logo":{"@type":"ImageObject","inLanguage":"ca","@id":"https:\/\/lacolosal.es\/ca\/#\/schema\/logo\/image\/","url":"https:\/\/lacolosal.es\/wp-content\/uploads\/2023\/04\/logo-colosal-blanco.png","contentUrl":"https:\/\/lacolosal.es\/wp-content\/uploads\/2023\/04\/logo-colosal-blanco.png","width":721,"height":132,"caption":"La Colosal"},"image":{"@id":"https:\/\/lacolosal.es\/ca\/#\/schema\/logo\/image\/"},"sameAs":["https:\/\/www.facebook.com\/lacolosalrestaurante\/","https:\/\/www.instagram.com\/lacolosalrestaurante\/"]}]}},"_links":{"self":[{"href":"https:\/\/lacolosal.es\/ca\/wp-json\/wp\/v2\/pages\/12903"}],"collection":[{"href":"https:\/\/lacolosal.es\/ca\/wp-json\/wp\/v2\/pages"}],"about":[{"href":"https:\/\/lacolosal.es\/ca\/wp-json\/wp\/v2\/types\/page"}],"author":[{"embeddable":true,"href":"https:\/\/lacolosal.es\/ca\/wp-json\/wp\/v2\/users\/2"}],"replies":[{"embeddable":true,"href":"https:\/\/lacolosal.es\/ca\/wp-json\/wp\/v2\/comments?post=12903"}],"version-history":[{"count":4,"href":"https:\/\/lacolosal.es\/ca\/wp-json\/wp\/v2\/pages\/12903\/revisions"}],"predecessor-version":[{"id":13130,"href":"https:\/\/lacolosal.es\/ca\/wp-json\/wp\/v2\/pages\/12903\/revisions\/13130"}],"wp:attachment":[{"href":"https:\/\/lacolosal.es\/ca\/wp-json\/wp\/v2\/media?parent=12903"}],"curies":[{"name":"wp","href":"https:\/\/api.w.org\/{rel}","templated":true}]}}