{"id":12779,"date":"2024-03-28T09:49:39","date_gmt":"2024-03-28T08:49:39","guid":{"rendered":"https:\/\/lacolosal.es\/?page_id=12779"},"modified":"2024-03-28T10:18:14","modified_gmt":"2024-03-28T09:18:14","slug":"avis-legal","status":"publish","type":"page","link":"https:\/\/lacolosal.es\/ca\/avis-legal\/","title":{"rendered":"Avis Legal"},"content":{"rendered":"\t\t<div data-elementor-type=\"wp-page\" data-elementor-id=\"12779\" class=\"elementor elementor-12779 elementor-12778\" data-elementor-post-type=\"page\">\n\t\t\t\t\t\t<section class=\"elementor-section elementor-top-section elementor-element elementor-element-f45bd66 elementor-section-boxed elementor-section-height-default elementor-section-height-default\" data-id=\"f45bd66\" data-element_type=\"section\" data-settings=\"{&quot;architecturer_ext_is_background_parallax&quot;:&quot;false&quot;,&quot;architecturer_ext_is_background_on_scroll&quot;:&quot;false&quot;}\">\n\t\t\t\t\t\t<div class=\"elementor-container elementor-column-gap-default\">\n\t\t\t\t\t<div class=\"elementor-column elementor-col-100 elementor-top-column elementor-element elementor-element-007bf3d\" data-id=\"007bf3d\" data-element_type=\"column\" data-settings=\"{&quot;architecturer_ext_is_mobile_menu&quot;:&quot;false&quot;,&quot;architecturer_ext_is_scrollme&quot;:&quot;false&quot;,&quot;architecturer_ext_is_smoove&quot;:&quot;false&quot;,&quot;architecturer_ext_is_parallax_mouse&quot;:&quot;false&quot;,&quot;architecturer_ext_is_infinite&quot;:&quot;false&quot;,&quot;architecturer_ext_is_fadeout_animation&quot;:&quot;false&quot;}\">\n\t\t\t<div class=\"elementor-widget-wrap\">\n\t\t\t\t\t\t\t<\/div>\n\t\t<\/div>\n\t\t\t\t\t<\/div>\n\t\t<\/section>\n\t\t\t\t<section class=\"elementor-section elementor-top-section elementor-element elementor-element-a0a1019 elementor-section-stretched elementor-section-height-min-height elementor-section-items-bottom elementor-section-content-bottom elementor-section-boxed elementor-section-height-default\" data-id=\"a0a1019\" data-element_type=\"section\" data-settings=\"{&quot;stretch_section&quot;:&quot;section-stretched&quot;,&quot;background_background&quot;:&quot;classic&quot;,&quot;architecturer_ext_is_background_parallax&quot;:&quot;false&quot;,&quot;architecturer_ext_is_background_on_scroll&quot;:&quot;false&quot;}\">\n\t\t\t\t\t\t\t<div class=\"elementor-background-overlay\"><\/div>\n\t\t\t\t\t\t\t<div class=\"elementor-container elementor-column-gap-default\">\n\t\t\t\t\t<div class=\"elementor-column elementor-col-100 elementor-top-column elementor-element elementor-element-40b4548\" data-id=\"40b4548\" data-element_type=\"column\" data-settings=\"{&quot;architecturer_ext_is_mobile_menu&quot;:&quot;false&quot;,&quot;architecturer_ext_is_scrollme&quot;:&quot;false&quot;,&quot;architecturer_ext_is_smoove&quot;:&quot;false&quot;,&quot;architecturer_ext_is_parallax_mouse&quot;:&quot;false&quot;,&quot;architecturer_ext_is_infinite&quot;:&quot;false&quot;,&quot;architecturer_ext_is_fadeout_animation&quot;:&quot;false&quot;}\">\n\t\t\t<div class=\"elementor-widget-wrap\">\n\t\t\t\t\t\t\t<\/div>\n\t\t<\/div>\n\t\t\t\t\t<\/div>\n\t\t<\/section>\n\t\t\t\t<section class=\"elementor-section elementor-top-section elementor-element elementor-element-7f666b8 elementor-section-boxed elementor-section-height-default elementor-section-height-default\" data-id=\"7f666b8\" data-element_type=\"section\" data-settings=\"{&quot;architecturer_ext_is_background_parallax&quot;:&quot;false&quot;,&quot;architecturer_ext_is_background_on_scroll&quot;:&quot;false&quot;}\">\n\t\t\t\t\t\t<div class=\"elementor-container elementor-column-gap-default\">\n\t\t\t\t\t<div class=\"elementor-column elementor-col-100 elementor-top-column elementor-element elementor-element-6b032eb\" data-id=\"6b032eb\" data-element_type=\"column\" data-settings=\"{&quot;architecturer_ext_is_mobile_menu&quot;:&quot;false&quot;,&quot;architecturer_ext_is_scrollme&quot;:&quot;false&quot;,&quot;architecturer_ext_is_smoove&quot;:&quot;false&quot;,&quot;architecturer_ext_is_parallax_mouse&quot;:&quot;false&quot;,&quot;architecturer_ext_is_infinite&quot;:&quot;false&quot;,&quot;architecturer_ext_is_fadeout_animation&quot;:&quot;false&quot;}\">\n\t\t\t<div class=\"elementor-widget-wrap elementor-element-populated\">\n\t\t\t\t\t\t<div class=\"elementor-element elementor-element-5445b14 elementor-widget elementor-widget-heading\" data-id=\"5445b14\" data-element_type=\"widget\" data-settings=\"{&quot;architecturer_ext_is_mobile_menu&quot;:&quot;false&quot;,&quot;architecturer_ext_is_scrollme&quot;:&quot;false&quot;,&quot;architecturer_ext_is_smoove&quot;:&quot;false&quot;,&quot;architecturer_ext_is_parallax_mouse&quot;:&quot;false&quot;,&quot;architecturer_ext_is_infinite&quot;:&quot;false&quot;,&quot;architecturer_ext_is_fadeout_animation&quot;:&quot;false&quot;}\" data-widget_type=\"heading.default\">\n\t\t\t\t<div class=\"elementor-widget-container\">\n\t\t\t<h2 class=\"elementor-heading-title elementor-size-default\">Av\u00eds Legal<\/h2>\t\t<\/div>\n\t\t\t\t<\/div>\n\t\t\t\t\t<\/div>\n\t\t<\/div>\n\t\t\t\t\t<\/div>\n\t\t<\/section>\n\t\t\t\t<section class=\"elementor-section elementor-top-section elementor-element elementor-element-51a0b85 elementor-section-boxed elementor-section-height-default elementor-section-height-default\" data-id=\"51a0b85\" data-element_type=\"section\" data-settings=\"{&quot;architecturer_ext_is_background_parallax&quot;:&quot;false&quot;,&quot;architecturer_ext_is_background_on_scroll&quot;:&quot;false&quot;}\">\n\t\t\t\t\t\t<div class=\"elementor-container elementor-column-gap-default\">\n\t\t\t\t\t<div class=\"elementor-column elementor-col-100 elementor-top-column elementor-element elementor-element-0be583b\" data-id=\"0be583b\" data-element_type=\"column\" data-settings=\"{&quot;architecturer_ext_is_mobile_menu&quot;:&quot;false&quot;,&quot;architecturer_ext_is_scrollme&quot;:&quot;false&quot;,&quot;architecturer_ext_is_smoove&quot;:&quot;false&quot;,&quot;architecturer_ext_is_parallax_mouse&quot;:&quot;false&quot;,&quot;architecturer_ext_is_infinite&quot;:&quot;false&quot;,&quot;architecturer_ext_is_fadeout_animation&quot;:&quot;false&quot;}\">\n\t\t\t<div class=\"elementor-widget-wrap elementor-element-populated\">\n\t\t\t\t\t\t<div class=\"elementor-element elementor-element-7c24868 elementor-widget elementor-widget-text-editor\" data-id=\"7c24868\" data-element_type=\"widget\" data-settings=\"{&quot;architecturer_ext_is_mobile_menu&quot;:&quot;false&quot;,&quot;architecturer_ext_is_scrollme&quot;:&quot;false&quot;,&quot;architecturer_ext_is_smoove&quot;:&quot;false&quot;,&quot;architecturer_ext_is_parallax_mouse&quot;:&quot;false&quot;,&quot;architecturer_ext_is_infinite&quot;:&quot;false&quot;,&quot;architecturer_ext_is_fadeout_animation&quot;:&quot;false&quot;}\" data-widget_type=\"text-editor.default\">\n\t\t\t\t<div class=\"elementor-widget-container\">\n\t\t\t\t\t\t\t<p>LLEI DE SERVEIS DE LA SOCIETAT DE LA INFORMACI\u00d3 (LSSI)<\/p><p>LA COLOSAL 2018, S.L., responsable del lloc web, d&#8217;ara endavant RESPONSABLE, posa a disposici\u00f3 dels usuaris aquest document, amb el qual pret\u00e9n complir amb les obligacions establertes en la Llei 34\/2002, de l\u201911 de juliol, de Serveis de la Societat de la Informaci\u00f3 i de Comer\u00e7 Electr\u00f2nic (LSSICE), BOE n\u00fam. 166, aix\u00ed com informar a tots els usuaris del lloc web sobre les condicions d&#8217;\u00fas.<br \/>Qualsevol persona que accedeixi a aquest lloc web assumeix el rol d&#8217;usuari, comprometent-se a l&#8217;observan\u00e7a i compliment rigor\u00f3s de les disposicions aqu\u00ed establertes, aix\u00ed com qualsevol altra disposici\u00f3 legal que pugui ser aplicable.<\/p><p>LA COLOSAL 2018, S.L. es reserva el dret de modificar qualsevol tipus d&#8217;informaci\u00f3 que pugui apar\u00e8ixer al lloc web, sense que existeixi l&#8217;obligaci\u00f3 de preavisar o informar els usuaris d&#8217;aquestes modificacions, entenent que la publicaci\u00f3 al lloc web de LA COLOSAL 2018, S.L. \u00e9s suficient.<\/p><p>1. DADES D\u2019IDENTIFICACI\u00d3<\/p><p>Nom domini: https:\/\/lacolosal.es\/ Nom comercial: LA COLOSAL 2018, S.L.<\/p><p>Nom corporatiu: LA COLOSAL 2018, S.L. <br \/>NIF: B-67117739<br \/>Domicili social: Carrer Muntaner, 239, Planta At. &#8211; 08021 Barcelona<br \/>Tel\u00e8fon: 933 42 79 81 <br \/>e-mail:<br \/>infolacolosal@gmail.com<br \/>en el Registre (Comercial \/ P\u00fablic):<\/p><p><br \/>2. DRETS DE PROPIETAT INTEL\u00b7LECTUAL I INDUSTRIAL<br \/>El lloc web, incloent per\u00f2 no limitant-se a la seva programaci\u00f3, edici\u00f3, compilaci\u00f3 i altres elements necessaris per al seu funcionament, els dissenys, logotips, textos i\/o gr\u00e0fics, s\u00f3n propietat del RESPONSABLE o, si escau, compten amb llic\u00e8ncia o autoritzaci\u00f3 expressa pels autors. Tots els continguts del lloc web estan degudament protegits per les regulacions de propietat intel\u00b7lectual i industrial, aix\u00ed com registrats en els corresponents registres p\u00fablics.<\/p><p>Independentment de la finalitat per a la qual estiguin destinats, la reproducci\u00f3 total o parcial, l&#8217;\u00fas, l&#8217;explotaci\u00f3, la distribuci\u00f3 i la comercialitzaci\u00f3, en qualsevol cas, requereixen l&#8217;autoritzaci\u00f3 pr\u00e8via per escrit del RESPONSABLE. Qualsevol \u00fas no pr\u00e8viament autoritzat es considera una violaci\u00f3 greu dels drets de propietat intel\u00b7lectual o industrial de l&#8217;autor.<\/p><p>Els dissenys, logotips, textos i\/o gr\u00e0fics fora de l&#8217;\u00e0mbit del RESPONSABLE i que puguin apar\u00e8ixer al lloc web, pertanyen als seus respectius propietaris, essent ells mateixos responsables de qualsevol controv\u00e8rsia que pugui sorgir respecte als mateixos. El RESPONSABLE autoritza expressament a tercers a redirigir directament als continguts espec\u00edfics del lloc web, i en qualsevol cas a redirigir al lloc web principal de https:\/\/lacolosal.es\/.<\/p><p>El RESPONSABLE reconeix els corresponents drets de propietat intel\u00b7lectual i industrial en favor dels seus propietaris, la seva simple menci\u00f3 o aparici\u00f3 al lloc web no implica l&#8217;exist\u00e8ncia de cap dret ni responsabilitat sobre ells, aix\u00ed com tampoc el seu suport, patrocini o recomanaci\u00f3.<\/p><p>Per a fer qualsevol tipus d&#8217;observaci\u00f3 respecte a possibles infraccions de drets de propietat intel\u00b7lectual o industrial, aix\u00ed com qualsevol contingut del lloc web, pot fer-ho a trav\u00e9s del correu electr\u00f2nic infolacolosal@gmail.com.<\/p><p>3. EXEMPCI\u00d3 DE RESPONSABILITATS<br \/>El RESPONSABLE queda exempt de qualsevol tipus de responsabilitat derivada de la informaci\u00f3 publicada al seu lloc web, sempre que aquesta informaci\u00f3 hagi estat manipulada o introdu\u00efda per un tercer no relacionat amb ell.<\/p><p>\u00das de Cookies<\/p><p>Aquest lloc web pot utilitzar cookies t\u00e8cniques (petits fitxers d&#8217;informaci\u00f3 que el servidor envia a l&#8217;ordinador de la persona que accedeix a la p\u00e0gina) per dur a terme certes funcions considerades essencials per al correcte funcionament i visualitzaci\u00f3 del lloc. Les cookies utilitzades s\u00f3n, en tot cas, temporals, amb l&#8217;\u00fanic prop\u00f2sit de fer la navegaci\u00f3 m\u00e9s eficient, i desapareixen quan finalitza la sessi\u00f3 de l&#8217;usuari. En cap cas, aquestes cookies per si soles proporcionen dades personals i no s&#8217;utilitzaran per recopilar-les.<\/p><p>Mitjan\u00e7ant l&#8217;\u00fas de cookies, tamb\u00e9 \u00e9s possible que el servidor on est\u00e0 allotjada la web reconegui el navegador utilitzat per l&#8217;usuari amb la finalitat de facilitar la navegaci\u00f3, permetent, per exemple, l&#8217;acc\u00e9s d&#8217;usuaris que s&#8217;hagin registrat pr\u00e8viament a les \u00e0rees, serveis, promocions o concursos reservats exclusivament per a ells sense necessitat de registrar-se en cada visita. Tamb\u00e9 poden ser utilitzades per mesurar l&#8217;audi\u00e8ncia, els par\u00e0metres de tr\u00e0nsit, controlar el progr\u00e9s i el nombre d&#8217;entrades, etc., sent en aquests casos les cookies t\u00e8cnicament dispensables, per\u00f2 beneficioses per a l&#8217;usuari. Aquest lloc web no instal\u00b7lar\u00e0 cookies dispensables sense el previ consentiment de l&#8217;usuari.<br \/>Aquest lloc web utilitza cookies anal\u00edtiques per habilitar la funci\u00f3 de control de visites \u00faniques amb la finalitat de facilitar la seva navegaci\u00f3. Tots els usuaris que visitin el lloc web s\u00f3n informats de l&#8217;\u00fas d&#8217;aquestes cookies a trav\u00e9s d&#8217;un banner flotant, considerant que si accepten el tractament, estan d&#8217;acord amb el seu \u00fas. En cas d&#8217;acceptar el seu \u00fas, el banner desapareixer\u00e0, tot i que en qualsevol moment pot revocar el seu consentiment i obtenir m\u00e9s informaci\u00f3 consultant la nostra Pol\u00edtica de Cookies. <br \/>L&#8217;usuari t\u00e9 la possibilitat de configurar el seu navegador per ser alertat sobre la recepci\u00f3 de cookies i per evitar-ne la instal\u00b7laci\u00f3 en el seu ordinador. Consulteu les instruccions del vostre navegador per ampliar aquesta informaci\u00f3.<\/p><p>Pol\u00edtica d\u2019enlla\u00e7os<\/p><p>Des del lloc web, \u00e9s possible ser redirigit a continguts de llocs web de tercers. Donat que el RESPONSABLE no sempre pot controlar el contingut introdu\u00eft per tercers als seus respectius llocs web, no assumeix cap tipus de responsabilitat respecte a aquest contingut. En qualsevol cas, es procedir\u00e0 a l&#8217;eliminaci\u00f3 immediata de qualsevol contingut que pogu\u00e9s contravenir la legislaci\u00f3 nacional o internacional, la moral o l&#8217;ordre p\u00fablic, procedint a l&#8217;eliminaci\u00f3 immediata de la redirecci\u00f3 a aquest lloc web, informant a les autoritats competents sobre el contingut en q\u00fcesti\u00f3.<\/p><p>El RESPONSABLE no es fa responsable de la informaci\u00f3 i contingut emmagatzemat, a mode d&#8217;exemple per\u00f2 no limitat a, en f\u00f2rums, xats, generadors de blogs, comentaris, xarxes socials o qualsevol altre mitj\u00e0 que permeti a tercers publicar contingut de forma independent al lloc web del RESPONSABLE. No obstant aix\u00f2, i en compliment del disposat en els articles 11 i 16 de la LSSICE, es posa a disposici\u00f3 de tots els usuaris, autoritats i forces de seguretat, col\u00b7laborant activament en la retirada o, si escau, bloqueig de tots aquells continguts que puguin afectar o contravenir la legislaci\u00f3 nacional o internacional, els drets de tercers o la moral i l&#8217;ordre p\u00fablic. En el cas que l&#8217;usuari consideri que existeix algun contingut al lloc web que pogu\u00e9s ser susceptible d&#8217;aquesta classificaci\u00f3,<br \/>Aquest lloc web ha estat revisat i provat per al seu correcte funcionament. En principi, es pot garantir el seu correcte funcionament els 365 dies de l&#8217;any, les 24 hores del dia. No obstant aix\u00f2, el RESPONSABLE no descarta la possibilitat que puguin oc\u00f3rrer certs errors de programaci\u00f3, o que es produeixin circumst\u00e0ncies de for\u00e7a major, cat\u00e0strofes naturals, vagues o altres circumst\u00e0ncies similars que facin impossible l&#8217;acc\u00e9s al lloc web.<\/p><p><br \/>Adreces IP<br \/>Els servidors del lloc web poden detectar autom\u00e0ticament l&#8217;adre\u00e7a IP i el nom de domini utilitzats per l&#8217;usuari. Una adre\u00e7a IP \u00e9s un n\u00famero assignat autom\u00e0ticament a un ordinador quan es connecta a Internet. Tota aquesta informaci\u00f3 es registra en un fitxer d&#8217;activitat del servidor degudament registrat que permet el processament posterior de les dades amb la finalitat d&#8217;obtenir nom\u00e9s mesures estad\u00edstiques que ens permetin con\u00e8ixer el nombre d&#8217;impressions de p\u00e0gina, el nombre de visites realitzades als servidors web, l&#8217;ordre de les visites, el punt d&#8217;acc\u00e9s, etc.<\/p><p>4. LEGISLACI\u00d3 APLICABLE I JURISDICCI\u00d3 <br \/>Per a la resoluci\u00f3 de totes les controv\u00e8rsies o problemes relacionats amb aquest lloc web o les activitats realitzades en ell, s&#8217;aplicar\u00e0 la legislaci\u00f3 espanyola, a la qual les parts es sotmeten expressament, sent competents per a resoldre totes les disputes sorgides o relacionades amb el seu \u00fas els jutjats i tribunals m\u00e9s propers a Barcelona.<\/p>\t\t\t\t\t\t<\/div>\n\t\t\t\t<\/div>\n\t\t\t\t\t<\/div>\n\t\t<\/div>\n\t\t\t\t\t<\/div>\n\t\t<\/section>\n\t\t\t\t<\/div>\n\t\t","protected":false},"excerpt":{"rendered":"<p>Av\u00eds Legal LLEI DE SERVEIS DE LA SOCIETAT DE LA INFORMACI\u00d3 (LSSI) LA COLOSAL 2018, S.L., responsable del lloc web, d&#8217;ara endavant RESPONSABLE, posa a disposici\u00f3 dels usuaris aquest document, amb el qual pret\u00e9n complir amb les obligacions establertes en [&hellip;]<\/p>\n","protected":false},"author":2,"featured_media":0,"parent":0,"menu_order":0,"comment_status":"closed","ping_status":"closed","template":"","meta":{"footnotes":""},"yoast_head":"<!-- This site is optimized with the Yoast SEO plugin v22.4 - https:\/\/yoast.com\/wordpress\/plugins\/seo\/ -->\n<title>Avis Legal - La Colosal<\/title>\n<meta name=\"robots\" content=\"index, follow, max-snippet:-1, max-image-preview:large, max-video-preview:-1\" \/>\n<link rel=\"canonical\" href=\"https:\/\/lacolosal.es\/ca\/avis-legal\/\" \/>\n<meta property=\"og:locale\" content=\"ca_ES\" \/>\n<meta property=\"og:type\" content=\"article\" \/>\n<meta property=\"og:title\" content=\"Avis Legal - La Colosal\" \/>\n<meta property=\"og:description\" content=\"Av\u00eds Legal LLEI DE SERVEIS DE LA SOCIETAT DE LA INFORMACI\u00d3 (LSSI) LA COLOSAL 2018, S.L., responsable del lloc web, d&#8217;ara endavant RESPONSABLE, posa a disposici\u00f3 dels usuaris aquest document, amb el qual pret\u00e9n complir amb les obligacions establertes en [&hellip;]\" \/>\n<meta property=\"og:url\" content=\"https:\/\/lacolosal.es\/ca\/avis-legal\/\" \/>\n<meta property=\"og:site_name\" content=\"La Colosal\" \/>\n<meta property=\"article:publisher\" content=\"https:\/\/www.facebook.com\/lacolosalrestaurante\/\" \/>\n<meta property=\"article:modified_time\" content=\"2024-03-28T09:18:14+00:00\" \/>\n<meta name=\"twitter:card\" content=\"summary_large_image\" \/>\n<meta name=\"twitter:label1\" content=\"Temps estimat de lectura\" \/>\n\t<meta name=\"twitter:data1\" content=\"7 minuts\" \/>\n<script type=\"application\/ld+json\" class=\"yoast-schema-graph\">{\"@context\":\"https:\/\/schema.org\",\"@graph\":[{\"@type\":\"WebPage\",\"@id\":\"https:\/\/lacolosal.es\/ca\/avis-legal\/\",\"url\":\"https:\/\/lacolosal.es\/ca\/avis-legal\/\",\"name\":\"Avis Legal - La Colosal\",\"isPartOf\":{\"@id\":\"https:\/\/lacolosal.es\/ca\/#website\"},\"datePublished\":\"2024-03-28T08:49:39+00:00\",\"dateModified\":\"2024-03-28T09:18:14+00:00\",\"breadcrumb\":{\"@id\":\"https:\/\/lacolosal.es\/ca\/avis-legal\/#breadcrumb\"},\"inLanguage\":\"ca\",\"potentialAction\":[{\"@type\":\"ReadAction\",\"target\":[\"https:\/\/lacolosal.es\/ca\/avis-legal\/\"]}]},{\"@type\":\"BreadcrumbList\",\"@id\":\"https:\/\/lacolosal.es\/ca\/avis-legal\/#breadcrumb\",\"itemListElement\":[{\"@type\":\"ListItem\",\"position\":1,\"name\":\"Inicio\",\"item\":\"https:\/\/lacolosal.es\/ca\/\"},{\"@type\":\"ListItem\",\"position\":2,\"name\":\"Avis Legal\"}]},{\"@type\":\"WebSite\",\"@id\":\"https:\/\/lacolosal.es\/ca\/#website\",\"url\":\"https:\/\/lacolosal.es\/ca\/\",\"name\":\"La Colosal\",\"description\":\"La Colosal\",\"publisher\":{\"@id\":\"https:\/\/lacolosal.es\/ca\/#organization\"},\"potentialAction\":[{\"@type\":\"SearchAction\",\"target\":{\"@type\":\"EntryPoint\",\"urlTemplate\":\"https:\/\/lacolosal.es\/ca\/?s={search_term_string}\"},\"query-input\":\"required name=search_term_string\"}],\"inLanguage\":\"ca\"},{\"@type\":\"Organization\",\"@id\":\"https:\/\/lacolosal.es\/ca\/#organization\",\"name\":\"La Colosal\",\"url\":\"https:\/\/lacolosal.es\/ca\/\",\"logo\":{\"@type\":\"ImageObject\",\"inLanguage\":\"ca\",\"@id\":\"https:\/\/lacolosal.es\/ca\/#\/schema\/logo\/image\/\",\"url\":\"https:\/\/lacolosal.es\/wp-content\/uploads\/2023\/04\/logo-colosal-blanco.png\",\"contentUrl\":\"https:\/\/lacolosal.es\/wp-content\/uploads\/2023\/04\/logo-colosal-blanco.png\",\"width\":721,\"height\":132,\"caption\":\"La Colosal\"},\"image\":{\"@id\":\"https:\/\/lacolosal.es\/ca\/#\/schema\/logo\/image\/\"},\"sameAs\":[\"https:\/\/www.facebook.com\/lacolosalrestaurante\/\",\"https:\/\/www.instagram.com\/lacolosalrestaurante\/\"]}]}<\/script>\n<!-- \/ Yoast SEO plugin. -->","yoast_head_json":{"title":"Avis Legal - La Colosal","robots":{"index":"index","follow":"follow","max-snippet":"max-snippet:-1","max-image-preview":"max-image-preview:large","max-video-preview":"max-video-preview:-1"},"canonical":"https:\/\/lacolosal.es\/ca\/avis-legal\/","og_locale":"ca_ES","og_type":"article","og_title":"Avis Legal - La Colosal","og_description":"Av\u00eds Legal LLEI DE SERVEIS DE LA SOCIETAT DE LA INFORMACI\u00d3 (LSSI) LA COLOSAL 2018, S.L., responsable del lloc web, d&#8217;ara endavant RESPONSABLE, posa a disposici\u00f3 dels usuaris aquest document, amb el qual pret\u00e9n complir amb les obligacions establertes en [&hellip;]","og_url":"https:\/\/lacolosal.es\/ca\/avis-legal\/","og_site_name":"La Colosal","article_publisher":"https:\/\/www.facebook.com\/lacolosalrestaurante\/","article_modified_time":"2024-03-28T09:18:14+00:00","twitter_card":"summary_large_image","twitter_misc":{"Temps estimat de lectura":"7 minuts"},"schema":{"@context":"https:\/\/schema.org","@graph":[{"@type":"WebPage","@id":"https:\/\/lacolosal.es\/ca\/avis-legal\/","url":"https:\/\/lacolosal.es\/ca\/avis-legal\/","name":"Avis Legal - La Colosal","isPartOf":{"@id":"https:\/\/lacolosal.es\/ca\/#website"},"datePublished":"2024-03-28T08:49:39+00:00","dateModified":"2024-03-28T09:18:14+00:00","breadcrumb":{"@id":"https:\/\/lacolosal.es\/ca\/avis-legal\/#breadcrumb"},"inLanguage":"ca","potentialAction":[{"@type":"ReadAction","target":["https:\/\/lacolosal.es\/ca\/avis-legal\/"]}]},{"@type":"BreadcrumbList","@id":"https:\/\/lacolosal.es\/ca\/avis-legal\/#breadcrumb","itemListElement":[{"@type":"ListItem","position":1,"name":"Inicio","item":"https:\/\/lacolosal.es\/ca\/"},{"@type":"ListItem","position":2,"name":"Avis Legal"}]},{"@type":"WebSite","@id":"https:\/\/lacolosal.es\/ca\/#website","url":"https:\/\/lacolosal.es\/ca\/","name":"La Colosal","description":"La Colosal","publisher":{"@id":"https:\/\/lacolosal.es\/ca\/#organization"},"potentialAction":[{"@type":"SearchAction","target":{"@type":"EntryPoint","urlTemplate":"https:\/\/lacolosal.es\/ca\/?s={search_term_string}"},"query-input":"required name=search_term_string"}],"inLanguage":"ca"},{"@type":"Organization","@id":"https:\/\/lacolosal.es\/ca\/#organization","name":"La Colosal","url":"https:\/\/lacolosal.es\/ca\/","logo":{"@type":"ImageObject","inLanguage":"ca","@id":"https:\/\/lacolosal.es\/ca\/#\/schema\/logo\/image\/","url":"https:\/\/lacolosal.es\/wp-content\/uploads\/2023\/04\/logo-colosal-blanco.png","contentUrl":"https:\/\/lacolosal.es\/wp-content\/uploads\/2023\/04\/logo-colosal-blanco.png","width":721,"height":132,"caption":"La Colosal"},"image":{"@id":"https:\/\/lacolosal.es\/ca\/#\/schema\/logo\/image\/"},"sameAs":["https:\/\/www.facebook.com\/lacolosalrestaurante\/","https:\/\/www.instagram.com\/lacolosalrestaurante\/"]}]}},"_links":{"self":[{"href":"https:\/\/lacolosal.es\/ca\/wp-json\/wp\/v2\/pages\/12779"}],"collection":[{"href":"https:\/\/lacolosal.es\/ca\/wp-json\/wp\/v2\/pages"}],"about":[{"href":"https:\/\/lacolosal.es\/ca\/wp-json\/wp\/v2\/types\/page"}],"author":[{"embeddable":true,"href":"https:\/\/lacolosal.es\/ca\/wp-json\/wp\/v2\/users\/2"}],"replies":[{"embeddable":true,"href":"https:\/\/lacolosal.es\/ca\/wp-json\/wp\/v2\/comments?post=12779"}],"version-history":[{"count":7,"href":"https:\/\/lacolosal.es\/ca\/wp-json\/wp\/v2\/pages\/12779\/revisions"}],"predecessor-version":[{"id":12864,"href":"https:\/\/lacolosal.es\/ca\/wp-json\/wp\/v2\/pages\/12779\/revisions\/12864"}],"wp:attachment":[{"href":"https:\/\/lacolosal.es\/ca\/wp-json\/wp\/v2\/media?parent=12779"}],"curies":[{"name":"wp","href":"https:\/\/api.w.org\/{rel}","templated":true}]}}